{"id":7500,"date":"2022-10-07T06:54:23","date_gmt":"2022-10-07T06:54:23","guid":{"rendered":"https:\/\/site.iconmarketing.es\/formavigo\/producto\/ingles-tecnico-para-a-industria-e-transporte-maritimo\/"},"modified":"2022-10-07T06:54:23","modified_gmt":"2022-10-07T06:54:23","slug":"ingles-tecnico-para-la-industria-y-sector-naval-2","status":"publish","type":"product","link":"https:\/\/formavigo.es\/pt-pt\/produto\/ingles-tecnico-para-la-industria-y-sector-naval-2\/","title":{"rendered":"Ingl\u00eas T\u00e9cnico para a Ind\u00fastria e Transporte Mar\u00edtimo"},"content":{"rendered":"<p>descripcion<\/p>\n","protected":false},"excerpt":{"rendered":"<p>descripcion<\/p>\n","protected":false},"featured_media":6653,"template":"","meta":{"_acf_changed":false,"inline_featured_image":false},"product_brand":[],"product_cat":[126],"product_tag":[],"class_list":{"0":"post-7500","1":"product","2":"type-product","3":"status-publish","4":"has-post-thumbnail","6":"product_cat-sem-categoria","7":"entry","8":"has-media","10":"first","11":"instock","12":"taxable","13":"shipping-taxable","14":"purchasable","15":"product-type-simple"},"acf":[],"yoast_head":"<!-- This site is optimized with the Yoast SEO plugin v27.3 - https:\/\/yoast.com\/product\/yoast-seo-wordpress\/ -->\n<title>Ingl\u00eas T\u00e9cnico para a Ind\u00fastria e Transporte Mar\u00edtimo - Formavigo<\/title>\n<meta name=\"robots\" content=\"index, follow, max-snippet:-1, max-image-preview:large, max-video-preview:-1\" \/>\n<link rel=\"canonical\" href=\"https:\/\/formavigo.es\/pt-pt\/produto\/ingles-tecnico-para-la-industria-y-sector-naval-2\/\" \/>\n<meta property=\"og:locale\" content=\"pt_PT\" \/>\n<meta property=\"og:type\" content=\"article\" \/>\n<meta property=\"og:title\" content=\"Ingl\u00eas T\u00e9cnico para a Ind\u00fastria e Transporte Mar\u00edtimo - Formavigo\" \/>\n<meta property=\"og:description\" content=\"descripcion\" \/>\n<meta property=\"og:url\" content=\"https:\/\/formavigo.es\/pt-pt\/produto\/ingles-tecnico-para-la-industria-y-sector-naval-2\/\" \/>\n<meta property=\"og:site_name\" content=\"Formavigo\" \/>\n<meta property=\"og:image\" content=\"https:\/\/formavigo.es\/wp-content\/uploads\/2022\/09\/SOLDAGEM-Internacional-Profissional.jpg\" \/>\n\t<meta property=\"og:image:width\" content=\"1200\" \/>\n\t<meta property=\"og:image:height\" content=\"628\" \/>\n\t<meta property=\"og:image:type\" content=\"image\/jpeg\" \/>\n<meta name=\"twitter:card\" content=\"summary_large_image\" \/>\n<script type=\"application\/ld+json\" class=\"yoast-schema-graph\">{\"@context\":\"https:\\\/\\\/schema.org\",\"@graph\":[{\"@type\":\"WebPage\",\"@id\":\"https:\\\/\\\/formavigo.es\\\/pt-pt\\\/produto\\\/ingles-tecnico-para-la-industria-y-sector-naval-2\\\/\",\"url\":\"https:\\\/\\\/formavigo.es\\\/pt-pt\\\/produto\\\/ingles-tecnico-para-la-industria-y-sector-naval-2\\\/\",\"name\":\"Ingl\u00eas T\u00e9cnico para a Ind\u00fastria e Transporte Mar\u00edtimo - Formavigo\",\"isPartOf\":{\"@id\":\"https:\\\/\\\/formavigo.es\\\/pt-pt\\\/#website\"},\"primaryImageOfPage\":{\"@id\":\"https:\\\/\\\/formavigo.es\\\/pt-pt\\\/produto\\\/ingles-tecnico-para-la-industria-y-sector-naval-2\\\/#primaryimage\"},\"image\":{\"@id\":\"https:\\\/\\\/formavigo.es\\\/pt-pt\\\/produto\\\/ingles-tecnico-para-la-industria-y-sector-naval-2\\\/#primaryimage\"},\"thumbnailUrl\":\"https:\\\/\\\/formavigo.es\\\/wp-content\\\/uploads\\\/2022\\\/09\\\/SOLDAGEM-Internacional-Profissional.jpg\",\"datePublished\":\"2022-10-07T06:54:23+00:00\",\"breadcrumb\":{\"@id\":\"https:\\\/\\\/formavigo.es\\\/pt-pt\\\/produto\\\/ingles-tecnico-para-la-industria-y-sector-naval-2\\\/#breadcrumb\"},\"inLanguage\":\"pt-PT\",\"potentialAction\":[{\"@type\":\"ReadAction\",\"target\":[\"https:\\\/\\\/formavigo.es\\\/pt-pt\\\/produto\\\/ingles-tecnico-para-la-industria-y-sector-naval-2\\\/\"]}]},{\"@type\":\"ImageObject\",\"inLanguage\":\"pt-PT\",\"@id\":\"https:\\\/\\\/formavigo.es\\\/pt-pt\\\/produto\\\/ingles-tecnico-para-la-industria-y-sector-naval-2\\\/#primaryimage\",\"url\":\"https:\\\/\\\/formavigo.es\\\/wp-content\\\/uploads\\\/2022\\\/09\\\/SOLDAGEM-Internacional-Profissional.jpg\",\"contentUrl\":\"https:\\\/\\\/formavigo.es\\\/wp-content\\\/uploads\\\/2022\\\/09\\\/SOLDAGEM-Internacional-Profissional.jpg\",\"width\":1200,\"height\":628},{\"@type\":\"BreadcrumbList\",\"@id\":\"https:\\\/\\\/formavigo.es\\\/pt-pt\\\/produto\\\/ingles-tecnico-para-la-industria-y-sector-naval-2\\\/#breadcrumb\",\"itemListElement\":[{\"@type\":\"ListItem\",\"position\":1,\"name\":\"In\u00edcio\",\"item\":\"https:\\\/\\\/formavigo.es\\\/pt-pt\\\/\"},{\"@type\":\"ListItem\",\"position\":2,\"name\":\"Shop\",\"item\":\"https:\\\/\\\/formavigo.es\\\/pt-pt\\\/shop\\\/\"},{\"@type\":\"ListItem\",\"position\":3,\"name\":\"Ingl\u00eas T\u00e9cnico para a Ind\u00fastria e Transporte Mar\u00edtimo\"}]},{\"@type\":\"WebSite\",\"@id\":\"https:\\\/\\\/formavigo.es\\\/pt-pt\\\/#website\",\"url\":\"https:\\\/\\\/formavigo.es\\\/pt-pt\\\/\",\"name\":\"Formavigo\",\"description\":\"\",\"publisher\":{\"@id\":\"https:\\\/\\\/formavigo.es\\\/pt-pt\\\/#organization\"},\"potentialAction\":[{\"@type\":\"SearchAction\",\"target\":{\"@type\":\"EntryPoint\",\"urlTemplate\":\"https:\\\/\\\/formavigo.es\\\/pt-pt\\\/?s={search_term_string}\"},\"query-input\":{\"@type\":\"PropertyValueSpecification\",\"valueRequired\":true,\"valueName\":\"search_term_string\"}}],\"inLanguage\":\"pt-PT\"},{\"@type\":\"Organization\",\"@id\":\"https:\\\/\\\/formavigo.es\\\/pt-pt\\\/#organization\",\"name\":\"Formavigo\",\"url\":\"https:\\\/\\\/formavigo.es\\\/pt-pt\\\/\",\"logo\":{\"@type\":\"ImageObject\",\"inLanguage\":\"pt-PT\",\"@id\":\"https:\\\/\\\/formavigo.es\\\/pt-pt\\\/#\\\/schema\\\/logo\\\/image\\\/\",\"url\":\"https:\\\/\\\/formavigo.es\\\/wp-content\\\/uploads\\\/2022\\\/09\\\/logo-formavigo.svg\",\"contentUrl\":\"https:\\\/\\\/formavigo.es\\\/wp-content\\\/uploads\\\/2022\\\/09\\\/logo-formavigo.svg\",\"width\":260,\"height\":57,\"caption\":\"Formavigo\"},\"image\":{\"@id\":\"https:\\\/\\\/formavigo.es\\\/pt-pt\\\/#\\\/schema\\\/logo\\\/image\\\/\"}}]}<\/script>\n<!-- \/ Yoast SEO plugin. -->","yoast_head_json":{"title":"Ingl\u00eas T\u00e9cnico para a Ind\u00fastria e Transporte Mar\u00edtimo - Formavigo","robots":{"index":"index","follow":"follow","max-snippet":"max-snippet:-1","max-image-preview":"max-image-preview:large","max-video-preview":"max-video-preview:-1"},"canonical":"https:\/\/formavigo.es\/pt-pt\/produto\/ingles-tecnico-para-la-industria-y-sector-naval-2\/","og_locale":"pt_PT","og_type":"article","og_title":"Ingl\u00eas T\u00e9cnico para a Ind\u00fastria e Transporte Mar\u00edtimo - Formavigo","og_description":"descripcion","og_url":"https:\/\/formavigo.es\/pt-pt\/produto\/ingles-tecnico-para-la-industria-y-sector-naval-2\/","og_site_name":"Formavigo","og_image":[{"width":1200,"height":628,"url":"https:\/\/formavigo.es\/wp-content\/uploads\/2022\/09\/SOLDAGEM-Internacional-Profissional.jpg","type":"image\/jpeg"}],"twitter_card":"summary_large_image","schema":{"@context":"https:\/\/schema.org","@graph":[{"@type":"WebPage","@id":"https:\/\/formavigo.es\/pt-pt\/produto\/ingles-tecnico-para-la-industria-y-sector-naval-2\/","url":"https:\/\/formavigo.es\/pt-pt\/produto\/ingles-tecnico-para-la-industria-y-sector-naval-2\/","name":"Ingl\u00eas T\u00e9cnico para a Ind\u00fastria e Transporte Mar\u00edtimo - Formavigo","isPartOf":{"@id":"https:\/\/formavigo.es\/pt-pt\/#website"},"primaryImageOfPage":{"@id":"https:\/\/formavigo.es\/pt-pt\/produto\/ingles-tecnico-para-la-industria-y-sector-naval-2\/#primaryimage"},"image":{"@id":"https:\/\/formavigo.es\/pt-pt\/produto\/ingles-tecnico-para-la-industria-y-sector-naval-2\/#primaryimage"},"thumbnailUrl":"https:\/\/formavigo.es\/wp-content\/uploads\/2022\/09\/SOLDAGEM-Internacional-Profissional.jpg","datePublished":"2022-10-07T06:54:23+00:00","breadcrumb":{"@id":"https:\/\/formavigo.es\/pt-pt\/produto\/ingles-tecnico-para-la-industria-y-sector-naval-2\/#breadcrumb"},"inLanguage":"pt-PT","potentialAction":[{"@type":"ReadAction","target":["https:\/\/formavigo.es\/pt-pt\/produto\/ingles-tecnico-para-la-industria-y-sector-naval-2\/"]}]},{"@type":"ImageObject","inLanguage":"pt-PT","@id":"https:\/\/formavigo.es\/pt-pt\/produto\/ingles-tecnico-para-la-industria-y-sector-naval-2\/#primaryimage","url":"https:\/\/formavigo.es\/wp-content\/uploads\/2022\/09\/SOLDAGEM-Internacional-Profissional.jpg","contentUrl":"https:\/\/formavigo.es\/wp-content\/uploads\/2022\/09\/SOLDAGEM-Internacional-Profissional.jpg","width":1200,"height":628},{"@type":"BreadcrumbList","@id":"https:\/\/formavigo.es\/pt-pt\/produto\/ingles-tecnico-para-la-industria-y-sector-naval-2\/#breadcrumb","itemListElement":[{"@type":"ListItem","position":1,"name":"In\u00edcio","item":"https:\/\/formavigo.es\/pt-pt\/"},{"@type":"ListItem","position":2,"name":"Shop","item":"https:\/\/formavigo.es\/pt-pt\/shop\/"},{"@type":"ListItem","position":3,"name":"Ingl\u00eas T\u00e9cnico para a Ind\u00fastria e Transporte Mar\u00edtimo"}]},{"@type":"WebSite","@id":"https:\/\/formavigo.es\/pt-pt\/#website","url":"https:\/\/formavigo.es\/pt-pt\/","name":"Formavigo","description":"","publisher":{"@id":"https:\/\/formavigo.es\/pt-pt\/#organization"},"potentialAction":[{"@type":"SearchAction","target":{"@type":"EntryPoint","urlTemplate":"https:\/\/formavigo.es\/pt-pt\/?s={search_term_string}"},"query-input":{"@type":"PropertyValueSpecification","valueRequired":true,"valueName":"search_term_string"}}],"inLanguage":"pt-PT"},{"@type":"Organization","@id":"https:\/\/formavigo.es\/pt-pt\/#organization","name":"Formavigo","url":"https:\/\/formavigo.es\/pt-pt\/","logo":{"@type":"ImageObject","inLanguage":"pt-PT","@id":"https:\/\/formavigo.es\/pt-pt\/#\/schema\/logo\/image\/","url":"https:\/\/formavigo.es\/wp-content\/uploads\/2022\/09\/logo-formavigo.svg","contentUrl":"https:\/\/formavigo.es\/wp-content\/uploads\/2022\/09\/logo-formavigo.svg","width":260,"height":57,"caption":"Formavigo"},"image":{"@id":"https:\/\/formavigo.es\/pt-pt\/#\/schema\/logo\/image\/"}}]}},"_links":{"self":[{"href":"https:\/\/formavigo.es\/pt-pt\/wp-json\/wp\/v2\/product\/7500","targetHints":{"allow":["GET"]}}],"collection":[{"href":"https:\/\/formavigo.es\/pt-pt\/wp-json\/wp\/v2\/product"}],"about":[{"href":"https:\/\/formavigo.es\/pt-pt\/wp-json\/wp\/v2\/types\/product"}],"wp:featuredmedia":[{"embeddable":true,"href":"https:\/\/formavigo.es\/pt-pt\/wp-json\/wp\/v2\/media\/6653"}],"wp:attachment":[{"href":"https:\/\/formavigo.es\/pt-pt\/wp-json\/wp\/v2\/media?parent=7500"}],"wp:term":[{"taxonomy":"product_brand","embeddable":true,"href":"https:\/\/formavigo.es\/pt-pt\/wp-json\/wp\/v2\/product_brand?post=7500"},{"taxonomy":"product_cat","embeddable":true,"href":"https:\/\/formavigo.es\/pt-pt\/wp-json\/wp\/v2\/product_cat?post=7500"},{"taxonomy":"product_tag","embeddable":true,"href":"https:\/\/formavigo.es\/pt-pt\/wp-json\/wp\/v2\/product_tag?post=7500"}],"curies":[{"name":"wp","href":"https:\/\/api.w.org\/{rel}","templated":true}]}}