{"id":7276,"date":"2022-08-29T07:13:20","date_gmt":"2022-08-29T05:13:20","guid":{"rendered":"https:\/\/formavigo.es\/talento\/"},"modified":"2023-07-18T06:24:40","modified_gmt":"2023-07-18T06:24:40","slug":"talento","status":"publish","type":"page","link":"https:\/\/formavigo.es\/pt-pt\/talento\/","title":{"rendered":"Talento"},"content":{"rendered":"[vc_row full_width=&#8221;stretch_row&#8221; wpex_bg_overlay=&#8221;dark&#8221; css=&#8221;.vc_custom_1689661476075{background-image: url(https:\/\/formavigo.es\/wp-content\/uploads\/2023\/07\/tit-talento.webp?id=8663) !important;background-position: center !important;background-repeat: no-repeat !important;background-size: cover !important;}&#8221; el_class=&#8221;filacabeceratalento&#8221; wpex_bg_overlay_color=&#8221;#0f2661&#8243; wpex_bg_overlay_opacity=&#8221;0.4&#8243;][vc_column]<nav class=\"vcex-breadcrumbs vcex-breadcrumbs--links-inherit-color vcex-breadcrumbs--custom-color\" style=\"color:#ffffff;font-size:16px;\"><span><span><a href=\"https:\/\/formavigo.es\/pt-pt\/\">In\u00edcio<\/a><\/span><\/span><\/nav>[vc_column_text color=&#8221;#ffffff&#8221; font_size=&#8221;60px&#8221;]Talento[\/vc_column_text][vc_column_text color=&#8221;#ffffff&#8221; font_size=&#8221;23px&#8221; el_class=&#8221;textofilacabeceratalento&#8221;]Hist\u00f3rias reais de estudantes que confiaram e cresceram connosco[\/vc_column_text][\/vc_column][\/vc_row][vc_section full_width=&#8221;stretch_row&#8221; css=&#8221;.vc_custom_1663574149560{background-color: #f2f3f8 !important;}&#8221; el_class=&#8221;secciontalento&#8221;][vc_row][vc_column width=&#8221;1\/2&#8243;]<h2 class=\"vcex-heading vcex-module wpex-text-2xl wpex-font-normal wpex-m-auto wpex-max-w-100 vcex-heading-plain wpex-block tip-50-60\"><span class=\"vcex-heading-inner wpex-inline-block wpex-clr\">Profissionais orgulhosos<\/span><\/h2>[\/vc_column][vc_column width=&#8221;1\/2&#8243;][\/vc_column][\/vc_row][\/vc_section][vc_section full_width=&#8221;stretch_row&#8221; css=&#8221;.vc_custom_1663573785928{background-color: #f2f3f8 !important;}&#8221; el_class=&#8221;secciontestimonios&#8221;][vc_row el_class=&#8221;filatestimoniostalento&#8221;][vc_column width=&#8221;1\/2&#8243; el_class=&#8221;fondoderechatalento&#8221;][vc_row_inner][vc_column_inner][vc_raw_html]JTNDaW1nJTIwc3JjJTNEJTIyaHR0cHMlM0ElMkYlMkZmb3JtYXZpZ28uZXMlMkZ3cC1jb250ZW50JTJGdGhlbWVzJTJGdG90YWwtY2hpbGQtdGhlbWUlMkZpbWFnZXMlMkZlc3RyZWxsYS1jb250b3Juby5zdmclMjIlMjBjbGFzcyUzRCUyMmVzdHJlbGxhY29udG9ybm8lMjIlMjBhbHQlM0QlMjJlc3RyZWxsYXZhY2lhJTIyJTNFJTBBJTNDaW1nJTIwc3JjJTNEJTIyaHR0cHMlM0ElMkYlMkZmb3JtYXZpZ28uZXMlMkZ3cC1jb250ZW50JTJGdGhlbWVzJTJGdG90YWwtY2hpbGQtdGhlbWUlMkZpbWFnZXMlMkZlc3RyZWxsYS5zdmclMjIlMjBjbGFzcyUzRCUyMmVzdHJlbGxhY29sb3JlYWRhJTIyJTIwYWx0JTNEJTIyZXN0cmVsbGFjb2xvciUyMiUzRQ==[\/vc_raw_html][\/vc_column_inner][\/vc_row_inner][vc_column_text color=&#8221;#000000&#8243; font_size=&#8221;30px&#8221; el_class=&#8221;nombretestimonio&#8221;]Tamara Garc\u00eda[\/vc_column_text][vc_column_text color=&#8221;#000000&#8243; font_size=&#8221;30px&#8221; el_class=&#8221;texto1testimonio&#8221;]Estava cansado do neg\u00f3cio hoteleiro e queria fazer algo de que gostasse e, ao mesmo tempo, sabia que havia trabalho.[\/vc_column_text][vc_column_text font_size=&#8221;20px&#8221; color=&#8221;#000000&#8243; el_class=&#8221;texto2testimonio&#8221;]Cansou-se do neg\u00f3cio hoteleiro e encontrou o seu sector em Formavigo. Concluiu o curso numa ter\u00e7a-feira e terminou a semana de trabalho. Tamara sabe que uma boa soldadora tem de ter muitas horas de pr\u00e1tica na oficina e s\u00f3 descobriu isso aqui.[\/vc_column_text][\/vc_column][vc_column width=&#8221;1\/2&#8243; el_class=&#8221;fondovideotalento&#8221;][vc_video link=&#8221;https:\/\/www.youtube.com\/watch?v=qpYTTzm_lYo&amp;t=1s&#8221; align=&#8221;center&#8221;][\/vc_column][\/vc_row][vc_row el_class=&#8221;filatestimoniostalento&#8221;][vc_column width=&#8221;1\/2&#8243; el_class=&#8221;fondoderechatalento&#8221;][vc_raw_html]JTNDaW1nJTIwc3JjJTNEJTIyaHR0cHMlM0ElMkYlMkZmb3JtYXZpZ28uZXMlMkZ3cC1jb250ZW50JTJGdGhlbWVzJTJGdG90YWwtY2hpbGQtdGhlbWUlMkZpbWFnZXMlMkZlc3RyZWxsYS1jb250b3Juby5zdmclMjIlMjBjbGFzcyUzRCUyMmVzdHJlbGxhY29udG9ybm8lMjIlMjBhbHQlM0QlMjJlc3RyZWxsYXZhY2lhJTIyJTNFJTBBJTNDaW1nJTIwc3JjJTNEJTIyaHR0cHMlM0ElMkYlMkZmb3JtYXZpZ28uZXMlMkZ3cC1jb250ZW50JTJGdGhlbWVzJTJGdG90YWwtY2hpbGQtdGhlbWUlMkZpbWFnZXMlMkZlc3RyZWxsYS5zdmclMjIlMjBjbGFzcyUzRCUyMmVzdHJlbGxhY29sb3JlYWRhJTIyJTIwYWx0JTNEJTIyZXN0cmVsbGFjb2xvciUyMiUzRQ==[\/vc_raw_html][vc_column_text color=&#8221;#000000&#8243; font_size=&#8221;30px&#8221; el_class=&#8221;nombretestimonio&#8221;]Tania Barros[\/vc_column_text][vc_column_text color=&#8221;#000000&#8243; font_size=&#8221;30px&#8221; el_class=&#8221;texto1testimonio&#8221;]Acredito que, se se decidir faz\u00ea-lo, pode faz\u00ea-lo, v\u00e1 em frente e n\u00e3o deixe que ningu\u00e9m o impe\u00e7a. Podemos fazer tudo.[\/vc_column_text][vc_column_text color=&#8221;#000000&#8243; font_size=&#8221;20px&#8221; el_class=&#8221;texto2testimonio&#8221;]O seu parceiro abriu as portas ao nosso sector e a Tania deixou o neg\u00f3cio hoteleiro e entrou directamente no mesmo sem saber nada sobre soldadura. Hoje \u00e9 uma especialista e quer encorajar todas as mulheres, porque sabe que, se se dedicar a isso, com esfor\u00e7o e dedica\u00e7\u00e3o, pode conseguir tudo.[\/vc_column_text][\/vc_column][vc_column width=&#8221;1\/2&#8243; el_class=&#8221;fondovideotalento&#8221;][vc_video link=&#8221;https:\/\/www.youtube.com\/watch?v=qhS4q6cgIwc&#8221; align=&#8221;center&#8221;][\/vc_column][\/vc_row][vc_row disable_element=&#8221;yes&#8221; el_class=&#8221;filatestimoniostalento&#8221;][vc_column width=&#8221;1\/2&#8243; el_class=&#8221;fondoderechatalento&#8221;][vc_raw_html]JTNDaW1nJTIwc3JjJTNEJTIyaHR0cHMlM0ElMkYlMkZmb3JtYXZpZ28uZXMlMkZ3cC1jb250ZW50JTJGdGhlbWVzJTJGdG90YWwtY2hpbGQtdGhlbWUlMkZpbWFnZXMlMkZlc3RyZWxsYS1jb250b3Juby5zdmclMjIlMjBjbGFzcyUzRCUyMmVzdHJlbGxhY29udG9ybm8lMjIlMjBhbHQlM0QlMjJlc3RyZWxsYXZhY2lhJTIyJTNFJTBBJTNDaW1nJTIwc3JjJTNEJTIyaHR0cHMlM0ElMkYlMkZmb3JtYXZpZ28uZXMlMkZ3cC1jb250ZW50JTJGdGhlbWVzJTJGdG90YWwtY2hpbGQtdGhlbWUlMkZpbWFnZXMlMkZlc3RyZWxsYS5zdmclMjIlMjBjbGFzcyUzRCUyMmVzdHJlbGxhY29sb3JlYWRhJTIyJTIwYWx0JTNEJTIyZXN0cmVsbGFjb2xvciUyMiUzRQ==[\/vc_raw_html][vc_column_text color=&#8221;#000000&#8243; font_size=&#8221;30px&#8221; el_class=&#8221;nombretestimonio&#8221;]Juan Manuel Prado[\/vc_column_text][vc_column_text color=&#8221;#000000&#8243; font_size=&#8221;30px&#8221; el_class=&#8221;texto1testimonio&#8221;]A crise no sector da constru\u00e7\u00e3o levou-me a estudar na Formavigo.[\/vc_column_text][vc_column_text color=&#8221;#000000&#8243; font_size=&#8221;20px&#8221; el_class=&#8221;texto2testimonio&#8221;]Juan Manuel era pedreiro. Deixou a constru\u00e7\u00e3o por causa da crise. Por volta de 2010, fez o seu primeiro curso na Formavigo. Era de soldadura e saiu do curso com trabalho. Concluiu o curso numa sexta-feira e j\u00e1 estava a trabalhar na segunda-feira.[\/vc_column_text][\/vc_column][vc_column width=&#8221;1\/2&#8243; el_class=&#8221;fondovideotalento&#8221;][vc_video link=&#8221;https:\/\/www.youtube.com\/watch?v=iuYWmzV96ls&#8221; align=&#8221;center&#8221;][\/vc_column][\/vc_row][vc_row el_class=&#8221;filatestimoniostalento&#8221;][vc_column width=&#8221;1\/2&#8243; el_class=&#8221;fondoderechatalento&#8221;][vc_raw_html]JTNDaW1nJTIwc3JjJTNEJTIyaHR0cHMlM0ElMkYlMkZmb3JtYXZpZ28uZXMlMkZ3cC1jb250ZW50JTJGdGhlbWVzJTJGdG90YWwtY2hpbGQtdGhlbWUlMkZpbWFnZXMlMkZlc3RyZWxsYS1jb250b3Juby5zdmclMjIlMjBjbGFzcyUzRCUyMmVzdHJlbGxhY29udG9ybm8lMjIlMjBhbHQlM0QlMjJlc3RyZWxsYXZhY2lhJTIyJTNFJTBBJTNDaW1nJTIwc3JjJTNEJTIyaHR0cHMlM0ElMkYlMkZmb3JtYXZpZ28uZXMlMkZ3cC1jb250ZW50JTJGdGhlbWVzJTJGdG90YWwtY2hpbGQtdGhlbWUlMkZpbWFnZXMlMkZlc3RyZWxsYS5zdmclMjIlMjBjbGFzcyUzRCUyMmVzdHJlbGxhY29sb3JlYWRhJTIyJTIwYWx0JTNEJTIyZXN0cmVsbGFjb2xvciUyMiUzRQ==[\/vc_raw_html][vc_column_text color=&#8221;#000000&#8243; font_size=&#8221;30px&#8221; el_class=&#8221;nombretestimonio&#8221;]Francisco Garcia[\/vc_column_text][vc_column_text color=&#8221;#000000&#8243; font_size=&#8221;30px&#8221; el_class=&#8221;texto1testimonio&#8221;]Estava cansado de trabalhar horas e horas no supermercado. Eu queria uma profiss\u00e3o mais est\u00e1vel.[\/vc_column_text][vc_column_text color=&#8221;#000000&#8243; font_size=&#8221;20px&#8221; el_class=&#8221;texto2testimonio&#8221;]Francisco Garc\u00eda come\u00e7ou na Formavigo em busca de uma mudan\u00e7a profissional. Entrou num curso de soldadura. Depois de completar a sua forma\u00e7\u00e3o, come\u00e7ou a trabalhar numa empresa de soldadura. Com a Formavigo, conseguiu a mudan\u00e7a de vida que procurava.[\/vc_column_text][\/vc_column][vc_column width=&#8221;1\/2&#8243; el_class=&#8221;fondovideotalento&#8221;][vc_video link=&#8221;https:\/\/www.youtube.com\/watch?v=hwGelmtCt-U&#8221; align=&#8221;center&#8221;][\/vc_column][\/vc_row][vc_row el_class=&#8221;filatestimoniostalento&#8221;][vc_column width=&#8221;1\/2&#8243; el_class=&#8221;fondoderechatalento&#8221;][vc_raw_html]JTNDaW1nJTIwc3JjJTNEJTIyaHR0cHMlM0ElMkYlMkZmb3JtYXZpZ28uZXMlMkZ3cC1jb250ZW50JTJGdGhlbWVzJTJGdG90YWwtY2hpbGQtdGhlbWUlMkZpbWFnZXMlMkZlc3RyZWxsYS1jb250b3Juby5zdmclMjIlMjBjbGFzcyUzRCUyMmVzdHJlbGxhY29udG9ybm8lMjIlMjBhbHQlM0QlMjJlc3RyZWxsYXZhY2lhJTIyJTNFJTBBJTNDaW1nJTIwc3JjJTNEJTIyaHR0cHMlM0ElMkYlMkZmb3JtYXZpZ28uZXMlMkZ3cC1jb250ZW50JTJGdGhlbWVzJTJGdG90YWwtY2hpbGQtdGhlbWUlMkZpbWFnZXMlMkZlc3RyZWxsYS5zdmclMjIlMjBjbGFzcyUzRCUyMmVzdHJlbGxhY29sb3JlYWRhJTIyJTIwYWx0JTNEJTIyZXN0cmVsbGFjb2xvciUyMiUzRQ==[\/vc_raw_html][vc_column_text color=&#8221;#000000&#8243; font_size=&#8221;30px&#8221; el_class=&#8221;nombretestimonio&#8221;]C\u00e1ndido Est\u00e9vez[\/vc_column_text][vc_column_text color=&#8221;#000000&#8243; font_size=&#8221;30px&#8221; el_class=&#8221;texto1testimonio&#8221;]A soldadura n\u00e3o \u00e9 uma profiss\u00e3o f\u00e1cil, mas \u00e9 uma profiss\u00e3o muito gratificante.[\/vc_column_text][vc_column_text color=&#8221;#000000&#8243; font_size=&#8221;20px&#8221; el_class=&#8221;texto2testimonio&#8221;]C\u00e1ndido ensina cursos de soldadura na Formavigo h\u00e1 mais de 7 anos. Ele sublinha que a Formavigo \u00e9 um centro qualificado para qualquer tipo de soldadura e que trabalha com todos os processos de soldadura dispon\u00edveis no mercado.[\/vc_column_text][\/vc_column][vc_column width=&#8221;1\/2&#8243; el_class=&#8221;fondovideotalento&#8221;][vc_video link=&#8221;https:\/\/www.youtube.com\/watch?v=Ac6BUvc9XMw&#8221; align=&#8221;center&#8221;][\/vc_column][\/vc_row][vc_row el_class=&#8221;filatestimoniostalento&#8221;][vc_column width=&#8221;1\/2&#8243; el_class=&#8221;fondoderechatalento&#8221;][vc_raw_html]JTNDaW1nJTIwc3JjJTNEJTIyaHR0cHMlM0ElMkYlMkZmb3JtYXZpZ28uZXMlMkZ3cC1jb250ZW50JTJGdGhlbWVzJTJGdG90YWwtY2hpbGQtdGhlbWUlMkZpbWFnZXMlMkZlc3RyZWxsYS1jb250b3Juby5zdmclMjIlMjBjbGFzcyUzRCUyMmVzdHJlbGxhY29udG9ybm8lMjIlMjBhbHQlM0QlMjJlc3RyZWxsYXZhY2lhJTIyJTNFJTBBJTNDaW1nJTIwc3JjJTNEJTIyaHR0cHMlM0ElMkYlMkZmb3JtYXZpZ28uZXMlMkZ3cC1jb250ZW50JTJGdGhlbWVzJTJGdG90YWwtY2hpbGQtdGhlbWUlMkZpbWFnZXMlMkZlc3RyZWxsYS5zdmclMjIlMjBjbGFzcyUzRCUyMmVzdHJlbGxhY29sb3JlYWRhJTIyJTIwYWx0JTNEJTIyZXN0cmVsbGFjb2xvciUyMiUzRQ==[\/vc_raw_html][vc_column_text color=&#8221;#000000&#8243; font_size=&#8221;30px&#8221; el_class=&#8221;nombretestimonio&#8221;]Roi Cal[\/vc_column_text][vc_column_text color=&#8221;#000000&#8243; font_size=&#8221;30px&#8221; el_class=&#8221;texto1testimonio&#8221;]Passei de ter uma oficina mec\u00e2nica e de ser cozinheiro em Inglaterra a ser soldador.[\/vc_column_text][vc_column_text color=&#8221;#000000&#8243; font_size=&#8221;20px&#8221; el_class=&#8221;texto2testimonio&#8221;]Roi Cal trabalhou como soldador gra\u00e7as \u00e0 Formavigo e regressou recentemente \u00e0 Formavigo para forma\u00e7\u00e3o complementar. No seu primeiro contacto com a Formavigo, ele perguntou sobre os cursos e as oportunidades de emprego. Convenceu-o. Tinha acabado de chegar de Inglaterra quando se imergiu no mundo da soldadura.[\/vc_column_text][\/vc_column][vc_column width=&#8221;1\/2&#8243; el_class=&#8221;fondovideotalento&#8221;][vc_video link=&#8221;https:\/\/www.youtube.com\/watch?v=nCKCU1hc8ic&#8221; align=&#8221;center&#8221;][\/vc_column][\/vc_row][\/vc_section]\n","protected":false},"excerpt":{"rendered":"<p>[vc_row full_width=&#8221;stretch_row&#8221; wpex_bg_overlay=&#8221;dark&#8221; css=&#8221;.vc_custom_1689661476075{background-image: url(https:\/\/formavigo.es\/wp-content\/uploads\/2023\/07\/tit-talento.webp?id=8663) !important;background-position: center !important;background-repeat: no-repeat !important;background-size: cover !important;}&#8221; el_class=&#8221;filacabeceratalento&#8221; wpex_bg_overlay_color=&#8221;#0f2661&#8243; wpex_bg_overlay_opacity=&#8221;0.4&#8243;][vc_column][vc_column_text color=&#8221;#ffffff&#8221; font_size=&#8221;60px&#8221;]Talento[\/vc_column_text][vc_column_text color=&#8221;#ffffff&#8221; font_size=&#8221;23px&#8221; el_class=&#8221;textofilacabeceratalento&#8221;]Hist\u00f3rias reais de estudantes que confiaram e cresceram connosco[\/vc_column_text][\/vc_column][\/vc_row][vc_section full_width=&#8221;stretch_row&#8221; css=&#8221;.vc_custom_1663574149560{background-color: #f2f3f8 !important;}&#8221; el_class=&#8221;secciontalento&#8221;][vc_row][vc_column width=&#8221;1\/2&#8243;][\/vc_column][vc_column width=&#8221;1\/2&#8243;][\/vc_column][\/vc_row][\/vc_section][vc_section full_width=&#8221;stretch_row&#8221; css=&#8221;.vc_custom_1663573785928{background-color: #f2f3f8 !important;}&#8221; el_class=&#8221;secciontestimonios&#8221;][vc_row el_class=&#8221;filatestimoniostalento&#8221;][vc_column width=&#8221;1\/2&#8243; el_class=&#8221;fondoderechatalento&#8221;][vc_row_inner][vc_column_inner][vc_raw_html]JTNDaW1nJTIwc3JjJTNEJTIyaHR0cHMlM0ElMkYlMkZmb3JtYXZpZ28uZXMlMkZ3cC1jb250ZW50JTJGdGhlbWVzJTJGdG90YWwtY2hpbGQtdGhlbWUlMkZpbWFnZXMlMkZlc3RyZWxsYS1jb250b3Juby5zdmclMjIlMjBjbGFzcyUzRCUyMmVzdHJlbGxhY29udG9ybm8lMjIlMjBhbHQlM0QlMjJlc3RyZWxsYXZhY2lhJTIyJTNFJTBBJTNDaW1nJTIwc3JjJTNEJTIyaHR0cHMlM0ElMkYlMkZmb3JtYXZpZ28uZXMlMkZ3cC1jb250ZW50JTJGdGhlbWVzJTJGdG90YWwtY2hpbGQtdGhlbWUlMkZpbWFnZXMlMkZlc3RyZWxsYS5zdmclMjIlMjBjbGFzcyUzRCUyMmVzdHJlbGxhY29sb3JlYWRhJTIyJTIwYWx0JTNEJTIyZXN0cmVsbGFjb2xvciUyMiUzRQ==[\/vc_raw_html][\/vc_column_inner][\/vc_row_inner][vc_column_text color=&#8221;#000000&#8243; font_size=&#8221;30px&#8221; el_class=&#8221;nombretestimonio&#8221;]Tamara Garc\u00eda[\/vc_column_text][vc_column_text color=&#8221;#000000&#8243; font_size=&#8221;30px&#8221; el_class=&#8221;texto1testimonio&#8221;]Estava cansado do neg\u00f3cio hoteleiro e&hellip;<\/p>\n","protected":false},"author":1,"featured_media":0,"parent":0,"menu_order":0,"comment_status":"closed","ping_status":"closed","template":"","meta":{"_acf_changed":false,"inline_featured_image":false,"footnotes":""},"class_list":["post-7276","page","type-page","status-publish","hentry","entry","no-media"],"acf":[],"yoast_head":"<!-- This site is optimized with the Yoast SEO plugin v27.3 - https:\/\/yoast.com\/product\/yoast-seo-wordpress\/ -->\n<title>Talento - Formavigo<\/title>\n<meta name=\"robots\" content=\"index, follow, max-snippet:-1, max-image-preview:large, max-video-preview:-1\" \/>\n<link rel=\"canonical\" href=\"https:\/\/formavigo.es\/pt-pt\/talento\/\" \/>\n<meta property=\"og:locale\" content=\"pt_PT\" \/>\n<meta property=\"og:type\" content=\"article\" \/>\n<meta property=\"og:title\" content=\"Talento - Formavigo\" \/>\n<meta property=\"og:description\" content=\"[vc_row full_width=&#8221;stretch_row&#8221; wpex_bg_overlay=&#8221;dark&#8221; css=&#8221;.vc_custom_1689661476075{background-image: url(https:\/\/formavigo.es\/wp-content\/uploads\/2023\/07\/tit-talento.webp?id=8663) !important;background-position: center !important;background-repeat: no-repeat !important;background-size: cover !important;}&#8221; el_class=&#8221;filacabeceratalento&#8221; wpex_bg_overlay_color=&#8221;#0f2661&#8243; wpex_bg_overlay_opacity=&#8221;0.4&#8243;][vc_column][vc_column_text color=&#8221;#ffffff&#8221; font_size=&#8221;60px&#8221;]Talento[\/vc_column_text][vc_column_text color=&#8221;#ffffff&#8221; font_size=&#8221;23px&#8221; el_class=&#8221;textofilacabeceratalento&#8221;]Hist\u00f3rias reais de estudantes que confiaram e cresceram connosco[\/vc_column_text][\/vc_column][\/vc_row][vc_section full_width=&#8221;stretch_row&#8221; css=&#8221;.vc_custom_1663574149560{background-color: #f2f3f8 !important;}&#8221; el_class=&#8221;secciontalento&#8221;][vc_row][vc_column width=&#8221;1\/2&#8243;][\/vc_column][vc_column width=&#8221;1\/2&#8243;][\/vc_column][\/vc_row][\/vc_section][vc_section full_width=&#8221;stretch_row&#8221; css=&#8221;.vc_custom_1663573785928{background-color: #f2f3f8 !important;}&#8221; el_class=&#8221;secciontestimonios&#8221;][vc_row el_class=&#8221;filatestimoniostalento&#8221;][vc_column width=&#8221;1\/2&#8243; el_class=&#8221;fondoderechatalento&#8221;][vc_row_inner][vc_column_inner][vc_raw_html]JTNDaW1nJTIwc3JjJTNEJTIyaHR0cHMlM0ElMkYlMkZmb3JtYXZpZ28uZXMlMkZ3cC1jb250ZW50JTJGdGhlbWVzJTJGdG90YWwtY2hpbGQtdGhlbWUlMkZpbWFnZXMlMkZlc3RyZWxsYS1jb250b3Juby5zdmclMjIlMjBjbGFzcyUzRCUyMmVzdHJlbGxhY29udG9ybm8lMjIlMjBhbHQlM0QlMjJlc3RyZWxsYXZhY2lhJTIyJTNFJTBBJTNDaW1nJTIwc3JjJTNEJTIyaHR0cHMlM0ElMkYlMkZmb3JtYXZpZ28uZXMlMkZ3cC1jb250ZW50JTJGdGhlbWVzJTJGdG90YWwtY2hpbGQtdGhlbWUlMkZpbWFnZXMlMkZlc3RyZWxsYS5zdmclMjIlMjBjbGFzcyUzRCUyMmVzdHJlbGxhY29sb3JlYWRhJTIyJTIwYWx0JTNEJTIyZXN0cmVsbGFjb2xvciUyMiUzRQ==[\/vc_raw_html][\/vc_column_inner][\/vc_row_inner][vc_column_text color=&#8221;#000000&#8243; font_size=&#8221;30px&#8221; el_class=&#8221;nombretestimonio&#8221;]Tamara Garc\u00eda[\/vc_column_text][vc_column_text color=&#8221;#000000&#8243; font_size=&#8221;30px&#8221; el_class=&#8221;texto1testimonio&#8221;]Estava cansado do neg\u00f3cio hoteleiro e&hellip;\" \/>\n<meta property=\"og:url\" content=\"https:\/\/formavigo.es\/pt-pt\/talento\/\" \/>\n<meta property=\"og:site_name\" content=\"Formavigo\" \/>\n<meta property=\"article:modified_time\" content=\"2023-07-18T06:24:40+00:00\" \/>\n<meta name=\"twitter:card\" content=\"summary_large_image\" \/>\n<meta name=\"twitter:label1\" content=\"Tempo estimado de leitura\" \/>\n\t<meta name=\"twitter:data1\" content=\"3 minutos\" \/>\n<script type=\"application\/ld+json\" class=\"yoast-schema-graph\">{\"@context\":\"https:\\\/\\\/schema.org\",\"@graph\":[{\"@type\":\"WebPage\",\"@id\":\"https:\\\/\\\/formavigo.es\\\/pt-pt\\\/talento\\\/\",\"url\":\"https:\\\/\\\/formavigo.es\\\/pt-pt\\\/talento\\\/\",\"name\":\"Talento - Formavigo\",\"isPartOf\":{\"@id\":\"https:\\\/\\\/formavigo.es\\\/pt-pt\\\/#website\"},\"datePublished\":\"2022-08-29T05:13:20+00:00\",\"dateModified\":\"2023-07-18T06:24:40+00:00\",\"breadcrumb\":{\"@id\":\"https:\\\/\\\/formavigo.es\\\/pt-pt\\\/talento\\\/#breadcrumb\"},\"inLanguage\":\"pt-PT\",\"potentialAction\":[{\"@type\":\"ReadAction\",\"target\":[\"https:\\\/\\\/formavigo.es\\\/pt-pt\\\/talento\\\/\"]}]},{\"@type\":\"BreadcrumbList\",\"@id\":\"https:\\\/\\\/formavigo.es\\\/pt-pt\\\/talento\\\/#breadcrumb\",\"itemListElement\":[{\"@type\":\"ListItem\",\"position\":1,\"name\":\"In\u00edcio\",\"item\":\"https:\\\/\\\/formavigo.es\\\/pt-pt\\\/\"},{\"@type\":\"ListItem\",\"position\":2,\"name\":\"Talento\"}]},{\"@type\":\"WebSite\",\"@id\":\"https:\\\/\\\/formavigo.es\\\/pt-pt\\\/#website\",\"url\":\"https:\\\/\\\/formavigo.es\\\/pt-pt\\\/\",\"name\":\"Formavigo\",\"description\":\"\",\"publisher\":{\"@id\":\"https:\\\/\\\/formavigo.es\\\/pt-pt\\\/#organization\"},\"potentialAction\":[{\"@type\":\"SearchAction\",\"target\":{\"@type\":\"EntryPoint\",\"urlTemplate\":\"https:\\\/\\\/formavigo.es\\\/pt-pt\\\/?s={search_term_string}\"},\"query-input\":{\"@type\":\"PropertyValueSpecification\",\"valueRequired\":true,\"valueName\":\"search_term_string\"}}],\"inLanguage\":\"pt-PT\"},{\"@type\":\"Organization\",\"@id\":\"https:\\\/\\\/formavigo.es\\\/pt-pt\\\/#organization\",\"name\":\"Formavigo\",\"url\":\"https:\\\/\\\/formavigo.es\\\/pt-pt\\\/\",\"logo\":{\"@type\":\"ImageObject\",\"inLanguage\":\"pt-PT\",\"@id\":\"https:\\\/\\\/formavigo.es\\\/pt-pt\\\/#\\\/schema\\\/logo\\\/image\\\/\",\"url\":\"https:\\\/\\\/formavigo.es\\\/wp-content\\\/uploads\\\/2022\\\/09\\\/logo-formavigo.svg\",\"contentUrl\":\"https:\\\/\\\/formavigo.es\\\/wp-content\\\/uploads\\\/2022\\\/09\\\/logo-formavigo.svg\",\"width\":260,\"height\":57,\"caption\":\"Formavigo\"},\"image\":{\"@id\":\"https:\\\/\\\/formavigo.es\\\/pt-pt\\\/#\\\/schema\\\/logo\\\/image\\\/\"}}]}<\/script>\n<!-- \/ Yoast SEO plugin. -->","yoast_head_json":{"title":"Talento - Formavigo","robots":{"index":"index","follow":"follow","max-snippet":"max-snippet:-1","max-image-preview":"max-image-preview:large","max-video-preview":"max-video-preview:-1"},"canonical":"https:\/\/formavigo.es\/pt-pt\/talento\/","og_locale":"pt_PT","og_type":"article","og_title":"Talento - Formavigo","og_description":"[vc_row full_width=&#8221;stretch_row&#8221; wpex_bg_overlay=&#8221;dark&#8221; css=&#8221;.vc_custom_1689661476075{background-image: url(https:\/\/formavigo.es\/wp-content\/uploads\/2023\/07\/tit-talento.webp?id=8663) !important;background-position: center !important;background-repeat: no-repeat !important;background-size: cover !important;}&#8221; el_class=&#8221;filacabeceratalento&#8221; wpex_bg_overlay_color=&#8221;#0f2661&#8243; wpex_bg_overlay_opacity=&#8221;0.4&#8243;][vc_column][vc_column_text color=&#8221;#ffffff&#8221; font_size=&#8221;60px&#8221;]Talento[\/vc_column_text][vc_column_text color=&#8221;#ffffff&#8221; font_size=&#8221;23px&#8221; el_class=&#8221;textofilacabeceratalento&#8221;]Hist\u00f3rias reais de estudantes que confiaram e cresceram connosco[\/vc_column_text][\/vc_column][\/vc_row][vc_section full_width=&#8221;stretch_row&#8221; css=&#8221;.vc_custom_1663574149560{background-color: #f2f3f8 !important;}&#8221; el_class=&#8221;secciontalento&#8221;][vc_row][vc_column width=&#8221;1\/2&#8243;][\/vc_column][vc_column width=&#8221;1\/2&#8243;][\/vc_column][\/vc_row][\/vc_section][vc_section full_width=&#8221;stretch_row&#8221; css=&#8221;.vc_custom_1663573785928{background-color: #f2f3f8 !important;}&#8221; el_class=&#8221;secciontestimonios&#8221;][vc_row el_class=&#8221;filatestimoniostalento&#8221;][vc_column width=&#8221;1\/2&#8243; el_class=&#8221;fondoderechatalento&#8221;][vc_row_inner][vc_column_inner][vc_raw_html]JTNDaW1nJTIwc3JjJTNEJTIyaHR0cHMlM0ElMkYlMkZmb3JtYXZpZ28uZXMlMkZ3cC1jb250ZW50JTJGdGhlbWVzJTJGdG90YWwtY2hpbGQtdGhlbWUlMkZpbWFnZXMlMkZlc3RyZWxsYS1jb250b3Juby5zdmclMjIlMjBjbGFzcyUzRCUyMmVzdHJlbGxhY29udG9ybm8lMjIlMjBhbHQlM0QlMjJlc3RyZWxsYXZhY2lhJTIyJTNFJTBBJTNDaW1nJTIwc3JjJTNEJTIyaHR0cHMlM0ElMkYlMkZmb3JtYXZpZ28uZXMlMkZ3cC1jb250ZW50JTJGdGhlbWVzJTJGdG90YWwtY2hpbGQtdGhlbWUlMkZpbWFnZXMlMkZlc3RyZWxsYS5zdmclMjIlMjBjbGFzcyUzRCUyMmVzdHJlbGxhY29sb3JlYWRhJTIyJTIwYWx0JTNEJTIyZXN0cmVsbGFjb2xvciUyMiUzRQ==[\/vc_raw_html][\/vc_column_inner][\/vc_row_inner][vc_column_text color=&#8221;#000000&#8243; font_size=&#8221;30px&#8221; el_class=&#8221;nombretestimonio&#8221;]Tamara Garc\u00eda[\/vc_column_text][vc_column_text color=&#8221;#000000&#8243; font_size=&#8221;30px&#8221; el_class=&#8221;texto1testimonio&#8221;]Estava cansado do neg\u00f3cio hoteleiro e&hellip;","og_url":"https:\/\/formavigo.es\/pt-pt\/talento\/","og_site_name":"Formavigo","article_modified_time":"2023-07-18T06:24:40+00:00","twitter_card":"summary_large_image","twitter_misc":{"Tempo estimado de leitura":"3 minutos"},"schema":{"@context":"https:\/\/schema.org","@graph":[{"@type":"WebPage","@id":"https:\/\/formavigo.es\/pt-pt\/talento\/","url":"https:\/\/formavigo.es\/pt-pt\/talento\/","name":"Talento - Formavigo","isPartOf":{"@id":"https:\/\/formavigo.es\/pt-pt\/#website"},"datePublished":"2022-08-29T05:13:20+00:00","dateModified":"2023-07-18T06:24:40+00:00","breadcrumb":{"@id":"https:\/\/formavigo.es\/pt-pt\/talento\/#breadcrumb"},"inLanguage":"pt-PT","potentialAction":[{"@type":"ReadAction","target":["https:\/\/formavigo.es\/pt-pt\/talento\/"]}]},{"@type":"BreadcrumbList","@id":"https:\/\/formavigo.es\/pt-pt\/talento\/#breadcrumb","itemListElement":[{"@type":"ListItem","position":1,"name":"In\u00edcio","item":"https:\/\/formavigo.es\/pt-pt\/"},{"@type":"ListItem","position":2,"name":"Talento"}]},{"@type":"WebSite","@id":"https:\/\/formavigo.es\/pt-pt\/#website","url":"https:\/\/formavigo.es\/pt-pt\/","name":"Formavigo","description":"","publisher":{"@id":"https:\/\/formavigo.es\/pt-pt\/#organization"},"potentialAction":[{"@type":"SearchAction","target":{"@type":"EntryPoint","urlTemplate":"https:\/\/formavigo.es\/pt-pt\/?s={search_term_string}"},"query-input":{"@type":"PropertyValueSpecification","valueRequired":true,"valueName":"search_term_string"}}],"inLanguage":"pt-PT"},{"@type":"Organization","@id":"https:\/\/formavigo.es\/pt-pt\/#organization","name":"Formavigo","url":"https:\/\/formavigo.es\/pt-pt\/","logo":{"@type":"ImageObject","inLanguage":"pt-PT","@id":"https:\/\/formavigo.es\/pt-pt\/#\/schema\/logo\/image\/","url":"https:\/\/formavigo.es\/wp-content\/uploads\/2022\/09\/logo-formavigo.svg","contentUrl":"https:\/\/formavigo.es\/wp-content\/uploads\/2022\/09\/logo-formavigo.svg","width":260,"height":57,"caption":"Formavigo"},"image":{"@id":"https:\/\/formavigo.es\/pt-pt\/#\/schema\/logo\/image\/"}}]}},"_links":{"self":[{"href":"https:\/\/formavigo.es\/pt-pt\/wp-json\/wp\/v2\/pages\/7276","targetHints":{"allow":["GET"]}}],"collection":[{"href":"https:\/\/formavigo.es\/pt-pt\/wp-json\/wp\/v2\/pages"}],"about":[{"href":"https:\/\/formavigo.es\/pt-pt\/wp-json\/wp\/v2\/types\/page"}],"author":[{"embeddable":true,"href":"https:\/\/formavigo.es\/pt-pt\/wp-json\/wp\/v2\/users\/1"}],"replies":[{"embeddable":true,"href":"https:\/\/formavigo.es\/pt-pt\/wp-json\/wp\/v2\/comments?post=7276"}],"version-history":[{"count":17,"href":"https:\/\/formavigo.es\/pt-pt\/wp-json\/wp\/v2\/pages\/7276\/revisions"}],"predecessor-version":[{"id":8684,"href":"https:\/\/formavigo.es\/pt-pt\/wp-json\/wp\/v2\/pages\/7276\/revisions\/8684"}],"wp:attachment":[{"href":"https:\/\/formavigo.es\/pt-pt\/wp-json\/wp\/v2\/media?parent=7276"}],"curies":[{"name":"wp","href":"https:\/\/api.w.org\/{rel}","templated":true}]}}