{"id":7274,"date":"2022-08-25T11:38:43","date_gmt":"2022-08-25T11:38:43","guid":{"rendered":"https:\/\/formavigo.es\/politica-de-privacidade\/"},"modified":"2023-03-10T08:37:08","modified_gmt":"2023-03-10T08:37:08","slug":"politica-de-privacidade","status":"publish","type":"page","link":"https:\/\/formavigo.es\/pt-pt\/politica-de-privacidade\/","title":{"rendered":"Pol\u00edtica de privacidade"},"content":{"rendered":"\n<p>O Titular informa-o sobre a sua Pol\u00edtica de Privacidade relativamente ao tratamento e protec\u00e7\u00e3o dos dados pessoais dos utilizadores que podem ser recolhidos durante a navega\u00e7\u00e3o atrav\u00e9s do Website: https:\/\/formavigo.es<\/p>\n\n\n\n<p>A este respeito, o Titular garante o cumprimento da legisla\u00e7\u00e3o vigente sobre a protec\u00e7\u00e3o de dados pessoais, reflectida na Lei Org\u00e2nica 3\/2018, de 5 de Dezembro, sobre a Protec\u00e7\u00e3o de Dados Pessoais e a Garantia dos Direitos Digitais (LOPD GDD). Cumpre igualmente o Regulamento (UE) 2016\/679 do Parlamento Europeu e do Conselho de 27 de Abril de 2016 relativo \u00e0 protec\u00e7\u00e3o das pessoas singulares (GDPR).<\/p>\n\n\n\n<p>A utiliza\u00e7\u00e3o do website implica a aceita\u00e7\u00e3o desta Pol\u00edtica de Privacidade, bem como das condi\u00e7\u00f5es inclu\u00eddas no Aviso Legal.<\/p>\n\n\n\n<h2 class=\"wp-block-heading\">Identidade do Respons\u00e1vel<\/h2>\n\n\n\n<p>Respons\u00e1vel: FORMAVIGO SL.<\/p>\n\n\n\n<p>ID FISCAL: B36838878<\/p>\n\n\n\n<p>Endere\u00e7o: AVENIDA BEIRAMAR, 171 36208 Vigo, Pontevedra &#8211; Espanha.<\/p>\n\n\n\n<p>E-mail: info@formavigo.com<\/p>\n\n\n\n<p>S\u00edtio Web: https:\/\/formavigo.es<\/p>\n\n\n\n<h2 class=\"wp-block-heading\">Princ\u00edpios aplicados no tratamento de dados<\/h2>\n\n\n\n<p>No tratamento dos seus dados pessoais, o respons\u00e1vel pelo tratamento de dados aplicar\u00e1 os seguintes princ\u00edpios que cumprem os requisitos do novo Regulamento Europeu de Protec\u00e7\u00e3o de Dados (GDPR):<\/p>\n\n\n\n<p>Princ\u00edpio da legalidade, equidade e transpar\u00eancia: o Respons\u00e1vel pelo tratamento de dados exigir\u00e1 sempre o consentimento para o tratamento de dados pessoais que podem ter um ou mais fins espec\u00edficos sobre os quais o Respons\u00e1vel pelo tratamento de dados informar\u00e1 previamente o Utilizador com absoluta transpar\u00eancia.<\/p>\n\n\n\n<p>Princ\u00edpio da minimiza\u00e7\u00e3o dos dados: O Controlador de Dados solicitar\u00e1 apenas os dados estritamente necess\u00e1rios para os fins ou finalidades para os quais s\u00e3o solicitados.<\/p>\n\n\n\n<p>Princ\u00edpio de limita\u00e7\u00e3o do per\u00edodo de armazenamento: O respons\u00e1vel pelo tratamento de dados deve conservar os dados pessoais recolhidos durante o tempo estritamente necess\u00e1rio para os fins ou finalidades do tratamento. O Controlador de Dados deve informar o Utilizador sobre o per\u00edodo de reten\u00e7\u00e3o relevante de acordo com o objectivo.<\/p>\n\n\n\n<p>No caso de subscri\u00e7\u00f5es, o Controlador de Dados deve rever periodicamente as listas e apagar os registos que tenham estado inactivos durante um per\u00edodo de tempo consider\u00e1vel.<\/p>\n\n\n\n<p>Princ\u00edpio de integridade e confidencialidade: Os dados pessoais recolhidos ser\u00e3o tratados de modo a garantir a sua seguran\u00e7a, confidencialidade e integridade.<\/p>\n\n\n\n<p>O Controlador de Dados toma as precau\u00e7\u00f5es necess\u00e1rias para impedir o acesso n\u00e3o autorizado ou a utiliza\u00e7\u00e3o indevida dos dados dos seus utilizadores por terceiros.<\/p>\n\n\n\n<h2 class=\"wp-block-heading\">Recolha de dados pessoais<\/h2>\n\n\n\n<p>Para navegar no website, n\u00e3o \u00e9 necess\u00e1rio fornecer quaisquer dados pessoais.<\/p>\n\n\n\n<h2 class=\"wp-block-heading\"><strong>Direitos<\/strong><\/h2>\n\n\n\n<p>O Controlador de Dados informa-o que tem o direito de o fazer:<\/p>\n\n\n\n<p>Pedir acesso aos dados armazenados.<\/p>\n\n\n\n<p>Pedir rectifica\u00e7\u00e3o ou elimina\u00e7\u00e3o.<\/p>\n\n\n\n<p>Solicitar a restri\u00e7\u00e3o do seu processamento.<\/p>\n\n\n\n<p>Oponha-se ao processamento.<\/p>\n\n\n\n<p>N\u00e3o pode exercer o direito \u00e0 portabilidade de dados.<\/p>\n\n\n\n<p>O exerc\u00edcio destes direitos \u00e9 pessoal e, portanto, deve ser exercido directamente pelo interessado, solicitando-o directamente ao Respons\u00e1vel pelo tratamento de dados, o que significa que qualquer cliente, assinante ou colaborador que tenha fornecido os seus dados a qualquer momento pode contactar o Respons\u00e1vel pelo tratamento de dados e solicitar informa\u00e7\u00f5es sobre os dados armazenados e como foram obtidos, solicitar a rectifica\u00e7\u00e3o dos dados, opor-se ao seu tratamento, limitar a sua utiliza\u00e7\u00e3o ou solicitar a elimina\u00e7\u00e3o de tais dados dos ficheiros do Respons\u00e1vel pelo tratamento de dados.<\/p>\n\n\n\n<p>Para exercer os seus direitos deve enviar o seu pedido juntamente com uma fotoc\u00f3pia do seu Documento Nacional de Identidade ou equivalente para o seguinte endere\u00e7o electr\u00f3nico: info@formavigo.com.<\/p>\n\n\n\n<p>O exerc\u00edcio destes direitos n\u00e3o inclui quaisquer dados que o Controlador de Dados seja obrigado a conservar para fins administrativos, legais ou de seguran\u00e7a.<\/p>\n\n\n\n<p>Tem direito a uma protec\u00e7\u00e3o judicial efectiva e a apresentar uma queixa \u00e0 autoridade de controlo, neste caso, a Ag\u00eancia Espanhola de Protec\u00e7\u00e3o de Dados, se considerar que o tratamento dos dados pessoais que lhe dizem respeito viola o Regulamento.<\/p>\n\n\n\n<h2 class=\"wp-block-heading\"><strong>Finalidade do tratamento de dados pessoais<\/strong><\/h2>\n\n\n\n<p>Quando se liga ao Website para enviar um e-mail ao Controlador de Dados, subscreve o seu boletim informativo, est\u00e1 a fornecer informa\u00e7\u00f5es pessoais pelas quais o Controlador de Dados \u00e9 respons\u00e1vel. Esta informa\u00e7\u00e3o pode incluir dados pessoais tais como o seu endere\u00e7o IP, nome e apelido, endere\u00e7o f\u00edsico, endere\u00e7o de correio electr\u00f3nico, n\u00famero de telefone, e outras informa\u00e7\u00f5es. Ao fornecer estas informa\u00e7\u00f5es, consente que as suas informa\u00e7\u00f5es sejam recolhidas, utilizadas, geridas e armazenadas por &#8211; FORMAVIGO SL &#8211; apenas como descrito nas p\u00e1ginas:<\/p>\n\n\n\n<h2 class=\"wp-block-heading\"><strong>Aviso legal<\/strong><\/h2>\n\n\n\n<p>Pol\u00edtica de Privacidade<\/p>\n\n\n\n<p>Os dados pessoais e a finalidade do processamento pelo Controlador de Dados s\u00e3o diferentes, dependendo do sistema de captura de informa\u00e7\u00e3o:<\/p>\n\n\n\n<p>Existem outras finalidades para as quais o Titular processa dados pessoais:<\/p>\n\n\n\n<p>Para assegurar o cumprimento das condi\u00e7\u00f5es estabelecidas na p\u00e1gina de Aviso Legal e da lei aplic\u00e1vel. Isto pode incluir o desenvolvimento de ferramentas e algoritmos para ajudar o Website a assegurar a confidencialidade dos dados pessoais que recolhe.<\/p>\n\n\n\n<p>Para apoiar e melhorar os servi\u00e7os oferecidos por este Website.<\/p>\n\n\n\n<p>Para analisar a navega\u00e7\u00e3o do utilizador. O Propriet\u00e1rio recolhe outros dados n\u00e3o identificadores obtidos atrav\u00e9s da utiliza\u00e7\u00e3o de cookies que s\u00e3o descarregados para o computador do Utilizador quando este navega no Website, cujas caracter\u00edsticas e finalidade s\u00e3o detalhadas na p\u00e1gina da Pol\u00edtica de Cookies.<\/p>\n\n\n\n<p>Seguran\u00e7a dos dados pessoais<\/p>\n\n\n\n<p>Para proteger os seus dados pessoais, o Propriet\u00e1rio toma todas as precau\u00e7\u00f5es razo\u00e1veis e segue as melhores pr\u00e1ticas da ind\u00fastria para evitar a sua perda, utiliza\u00e7\u00e3o indevida, acesso indevido, divulga\u00e7\u00e3o, altera\u00e7\u00e3o ou destrui\u00e7\u00e3o.<\/p>\n\n\n\n<p>Os seus dados podem ser incorporados num ficheiro de lista de correio, pelo qual o Controlador de Dados \u00e9 respons\u00e1vel pela sua gest\u00e3o e processamento. A seguran\u00e7a dos seus dados \u00e9 garantida, uma vez que o Controlador de Dados toma todas as medidas de seguran\u00e7a necess\u00e1rias e garante que os dados pessoais s\u00f3 ser\u00e3o utilizados para os fins indicados.<\/p>\n\n\n\n<p>O Controlador de Dados informa o Utilizador de que os seus dados pessoais n\u00e3o ser\u00e3o transferidos para organiza\u00e7\u00f5es terceiras, excepto quando tal transfer\u00eancia de dados for coberta por uma obriga\u00e7\u00e3o legal ou quando a presta\u00e7\u00e3o de um servi\u00e7o implicar a necessidade de uma rela\u00e7\u00e3o contratual com um processador de dados. Neste \u00faltimo caso, a transfer\u00eancia de dados para terceiros s\u00f3 ter\u00e1 lugar quando o Controlador de Dados tiver o consentimento expresso do Utilizador.<\/p>\n\n\n\n<p>No entanto, em alguns casos, poder\u00e3o ser realizadas colabora\u00e7\u00f5es com outros profissionais; nesses casos, ser\u00e1 necess\u00e1rio o consentimento do Utilizador, informando-os da identidade do colaborador e do objectivo da colabora\u00e7\u00e3o. Isto ser\u00e1 sempre realizado com as mais rigorosas normas de seguran\u00e7a.<\/p>\n\n\n\n<h2 class=\"wp-block-heading\"><strong>Conte\u00fado de outros s\u00edtios Web<\/strong><\/h2>\n\n\n\n<p>As p\u00e1ginas deste s\u00edtio podem incluir conte\u00fado incorporado (por exemplo, v\u00eddeos, imagens, artigos, etc.). Os conte\u00fados incorporados de outros s\u00edtios web comportam-se exactamente da mesma forma que se tivesse visitado o outro s\u00edtio web.<\/p>\n\n\n\n<p>Estes websites podem recolher dados sobre si, utilizar cookies, incorporar c\u00f3digo de rastreio adicional de terceiros, e monitorizar a sua interac\u00e7\u00e3o utilizando este c\u00f3digo.<\/p>\n\n\n\n<h2 class=\"wp-block-heading\"><strong>Pol\u00edtica de Biscoitos<\/strong><\/h2>\n\n\n\n<p>Para que este s\u00edtio web funcione correctamente necessita de utilizar cookies, que s\u00e3o informa\u00e7\u00f5es que s\u00e3o armazenadas no seu navegador web.<\/p>\n\n\n\n<p>Pode consultar todas as informa\u00e7\u00f5es relativas \u00e0 pol\u00edtica de recolha e processamento de cookies na p\u00e1gina Pol\u00edtica de Cookies.<\/p>\n\n\n\n<h2 class=\"wp-block-heading\"><strong>Legitima\u00e7\u00e3o para processamento de dados<\/strong><\/h2>\n\n\n\n<p>A base legal para o processamento dos seus dados \u00e9:<\/p>\n\n\n\n<p>O consentimento do titular dos dados.<\/p>\n\n\n\n<p>Categorias de dados pessoais<\/p>\n\n\n\n<p>As categorias de dados pessoais processados pelo Controlador de Dados s\u00e3o:<\/p>\n\n\n\n<h2 class=\"wp-block-heading\"><strong>Dados de identifica\u00e7\u00e3o.<\/strong><\/h2>\n\n\n\n<p>N\u00e3o s\u00e3o processadas categorias de dados especialmente protegidas.<\/p>\n\n\n\n<p>Reten\u00e7\u00e3o de dados pessoais<\/p>\n\n\n\n<p>Os dados pessoais fornecidos ao Controlador de Dados ser\u00e3o retidos at\u00e9 ao momento em que o Controlador de Dados solicitar a sua elimina\u00e7\u00e3o.<\/p>\n\n\n\n<h2 class=\"wp-block-heading\"><strong>Navega\u00e7\u00e3o Web<\/strong><\/h2>\n\n\n\n<p>Ao navegar no Website, podem ser recolhidos dados n\u00e3o identificadores, que podem incluir, endere\u00e7o IP, geolocaliza\u00e7\u00e3o, um registo de como os servi\u00e7os e sites s\u00e3o utilizados, h\u00e1bitos de navega\u00e7\u00e3o e outros dados que n\u00e3o podem ser utilizados para o identificar.<\/p>\n\n\n\n<p>O website utiliza os seguintes servi\u00e7os de an\u00e1lise de terceiros:<\/p>\n\n\n\n<p>O Titular utiliza a informa\u00e7\u00e3o obtida para obter dados estat\u00edsticos, analisar tend\u00eancias, administrar o site, estudar padr\u00f5es de navega\u00e7\u00e3o e recolher informa\u00e7\u00e3o demogr\u00e1fica.<\/p>\n\n\n\n<p>O Propriet\u00e1rio n\u00e3o \u00e9 respons\u00e1vel pelo processamento de dados pessoais pelos websites a que pode aceder atrav\u00e9s dos v\u00e1rios links contidos no Website.<\/p>\n\n\n\n<h2 class=\"wp-block-heading\"><strong>Exactid\u00e3o e veracidade dos dados pessoais<\/strong><\/h2>\n\n\n\n<p>Compromete-se a que os dados fornecidos ao Titular sejam correctos, completos, exactos e actuais, bem como a mant\u00ea-los actualizados.<\/p>\n\n\n\n<p>Como Utilizador do Website, \u00e9 o \u00fanico respons\u00e1vel pela veracidade e exactid\u00e3o dos dados submetidos ao Website, exonerando o Propriet\u00e1rio de qualquer responsabilidade a este respeito.<\/p>\n\n\n\n<h2 class=\"wp-block-heading\"><strong>Aceita\u00e7\u00e3o e consentimento<\/strong><\/h2>\n\n\n\n<p>Como Utilizador do Website declara ter sido informado das condi\u00e7\u00f5es sobre protec\u00e7\u00e3o de dados pessoais, aceita e consente o tratamento de tais dados pelo Titular na forma e para os fins declarados na presente Pol\u00edtica de Privacidade.<\/p>\n\n\n\n<p>Para contactar o Propriet\u00e1rio, subscrever um boletim informativo ou fazer coment\u00e1rios sobre este s\u00edtio Web, deve aceitar esta Pol\u00edtica de Privacidade.<\/p>\n\n\n\n<p>Altera\u00e7\u00f5es \u00e0 Pol\u00edtica de Privacidade<\/p>\n\n\n\n<p>O Propriet\u00e1rio reserva-se o direito de modificar esta Pol\u00edtica de Privacidade para a adaptar \u00e0 nova legisla\u00e7\u00e3o ou jurisprud\u00eancia, bem como \u00e0s pr\u00e1ticas da ind\u00fastria.<\/p>\n\n\n\n<p>Estas pol\u00edticas permanecer\u00e3o em vigor at\u00e9 serem modificadas por outras pol\u00edticas devidamente publicadas.<\/p>\n","protected":false},"excerpt":{"rendered":"<p>O Titular informa-o sobre a sua Pol\u00edtica de Privacidade relativamente ao tratamento e protec\u00e7\u00e3o dos dados pessoais dos utilizadores que podem ser recolhidos durante a navega\u00e7\u00e3o atrav\u00e9s do Website: https:\/\/formavigo.es A este respeito, o Titular garante o cumprimento da legisla\u00e7\u00e3o vigente sobre a protec\u00e7\u00e3o de dados pessoais, reflectida na Lei Org\u00e2nica 3\/2018, de 5 de&hellip;<\/p>\n","protected":false},"author":1,"featured_media":0,"parent":0,"menu_order":0,"comment_status":"closed","ping_status":"closed","template":"","meta":{"_acf_changed":false,"inline_featured_image":false,"footnotes":""},"class_list":["post-7274","page","type-page","status-publish","hentry","entry","no-media"],"acf":[],"yoast_head":"<!-- This site is optimized with the Yoast SEO plugin v27.3 - https:\/\/yoast.com\/product\/yoast-seo-wordpress\/ -->\n<title>Pol\u00edtica de privacidade - Formavigo<\/title>\n<meta name=\"robots\" content=\"index, follow, max-snippet:-1, max-image-preview:large, max-video-preview:-1\" \/>\n<link rel=\"canonical\" href=\"https:\/\/formavigo.es\/pt-pt\/politica-de-privacidade\/\" \/>\n<meta property=\"og:locale\" content=\"pt_PT\" \/>\n<meta property=\"og:type\" content=\"article\" \/>\n<meta property=\"og:title\" content=\"Pol\u00edtica de privacidade - Formavigo\" \/>\n<meta property=\"og:description\" content=\"O Titular informa-o sobre a sua Pol\u00edtica de Privacidade relativamente ao tratamento e protec\u00e7\u00e3o dos dados pessoais dos utilizadores que podem ser recolhidos durante a navega\u00e7\u00e3o atrav\u00e9s do Website: https:\/\/formavigo.es A este respeito, o Titular garante o cumprimento da legisla\u00e7\u00e3o vigente sobre a protec\u00e7\u00e3o de dados pessoais, reflectida na Lei Org\u00e2nica 3\/2018, de 5 de&hellip;\" \/>\n<meta property=\"og:url\" content=\"https:\/\/formavigo.es\/pt-pt\/politica-de-privacidade\/\" \/>\n<meta property=\"og:site_name\" content=\"Formavigo\" \/>\n<meta property=\"article:modified_time\" content=\"2023-03-10T08:37:08+00:00\" \/>\n<meta name=\"twitter:card\" content=\"summary_large_image\" \/>\n<meta name=\"twitter:label1\" content=\"Tempo estimado de leitura\" \/>\n\t<meta name=\"twitter:data1\" content=\"7 minutos\" \/>\n<script type=\"application\/ld+json\" class=\"yoast-schema-graph\">{\"@context\":\"https:\\\/\\\/schema.org\",\"@graph\":[{\"@type\":\"WebPage\",\"@id\":\"https:\\\/\\\/formavigo.es\\\/pt-pt\\\/politica-de-privacidade\\\/\",\"url\":\"https:\\\/\\\/formavigo.es\\\/pt-pt\\\/politica-de-privacidade\\\/\",\"name\":\"Pol\u00edtica de privacidade - Formavigo\",\"isPartOf\":{\"@id\":\"https:\\\/\\\/formavigo.es\\\/pt-pt\\\/#website\"},\"datePublished\":\"2022-08-25T11:38:43+00:00\",\"dateModified\":\"2023-03-10T08:37:08+00:00\",\"breadcrumb\":{\"@id\":\"https:\\\/\\\/formavigo.es\\\/pt-pt\\\/politica-de-privacidade\\\/#breadcrumb\"},\"inLanguage\":\"pt-PT\",\"potentialAction\":[{\"@type\":\"ReadAction\",\"target\":[\"https:\\\/\\\/formavigo.es\\\/pt-pt\\\/politica-de-privacidade\\\/\"]}]},{\"@type\":\"BreadcrumbList\",\"@id\":\"https:\\\/\\\/formavigo.es\\\/pt-pt\\\/politica-de-privacidade\\\/#breadcrumb\",\"itemListElement\":[{\"@type\":\"ListItem\",\"position\":1,\"name\":\"In\u00edcio\",\"item\":\"https:\\\/\\\/formavigo.es\\\/pt-pt\\\/\"},{\"@type\":\"ListItem\",\"position\":2,\"name\":\"Pol\u00edtica de privacidade\"}]},{\"@type\":\"WebSite\",\"@id\":\"https:\\\/\\\/formavigo.es\\\/pt-pt\\\/#website\",\"url\":\"https:\\\/\\\/formavigo.es\\\/pt-pt\\\/\",\"name\":\"Formavigo\",\"description\":\"\",\"publisher\":{\"@id\":\"https:\\\/\\\/formavigo.es\\\/pt-pt\\\/#organization\"},\"potentialAction\":[{\"@type\":\"SearchAction\",\"target\":{\"@type\":\"EntryPoint\",\"urlTemplate\":\"https:\\\/\\\/formavigo.es\\\/pt-pt\\\/?s={search_term_string}\"},\"query-input\":{\"@type\":\"PropertyValueSpecification\",\"valueRequired\":true,\"valueName\":\"search_term_string\"}}],\"inLanguage\":\"pt-PT\"},{\"@type\":\"Organization\",\"@id\":\"https:\\\/\\\/formavigo.es\\\/pt-pt\\\/#organization\",\"name\":\"Formavigo\",\"url\":\"https:\\\/\\\/formavigo.es\\\/pt-pt\\\/\",\"logo\":{\"@type\":\"ImageObject\",\"inLanguage\":\"pt-PT\",\"@id\":\"https:\\\/\\\/formavigo.es\\\/pt-pt\\\/#\\\/schema\\\/logo\\\/image\\\/\",\"url\":\"https:\\\/\\\/formavigo.es\\\/wp-content\\\/uploads\\\/2022\\\/09\\\/logo-formavigo.svg\",\"contentUrl\":\"https:\\\/\\\/formavigo.es\\\/wp-content\\\/uploads\\\/2022\\\/09\\\/logo-formavigo.svg\",\"width\":260,\"height\":57,\"caption\":\"Formavigo\"},\"image\":{\"@id\":\"https:\\\/\\\/formavigo.es\\\/pt-pt\\\/#\\\/schema\\\/logo\\\/image\\\/\"}}]}<\/script>\n<!-- \/ Yoast SEO plugin. -->","yoast_head_json":{"title":"Pol\u00edtica de privacidade - Formavigo","robots":{"index":"index","follow":"follow","max-snippet":"max-snippet:-1","max-image-preview":"max-image-preview:large","max-video-preview":"max-video-preview:-1"},"canonical":"https:\/\/formavigo.es\/pt-pt\/politica-de-privacidade\/","og_locale":"pt_PT","og_type":"article","og_title":"Pol\u00edtica de privacidade - Formavigo","og_description":"O Titular informa-o sobre a sua Pol\u00edtica de Privacidade relativamente ao tratamento e protec\u00e7\u00e3o dos dados pessoais dos utilizadores que podem ser recolhidos durante a navega\u00e7\u00e3o atrav\u00e9s do Website: https:\/\/formavigo.es A este respeito, o Titular garante o cumprimento da legisla\u00e7\u00e3o vigente sobre a protec\u00e7\u00e3o de dados pessoais, reflectida na Lei Org\u00e2nica 3\/2018, de 5 de&hellip;","og_url":"https:\/\/formavigo.es\/pt-pt\/politica-de-privacidade\/","og_site_name":"Formavigo","article_modified_time":"2023-03-10T08:37:08+00:00","twitter_card":"summary_large_image","twitter_misc":{"Tempo estimado de leitura":"7 minutos"},"schema":{"@context":"https:\/\/schema.org","@graph":[{"@type":"WebPage","@id":"https:\/\/formavigo.es\/pt-pt\/politica-de-privacidade\/","url":"https:\/\/formavigo.es\/pt-pt\/politica-de-privacidade\/","name":"Pol\u00edtica de privacidade - Formavigo","isPartOf":{"@id":"https:\/\/formavigo.es\/pt-pt\/#website"},"datePublished":"2022-08-25T11:38:43+00:00","dateModified":"2023-03-10T08:37:08+00:00","breadcrumb":{"@id":"https:\/\/formavigo.es\/pt-pt\/politica-de-privacidade\/#breadcrumb"},"inLanguage":"pt-PT","potentialAction":[{"@type":"ReadAction","target":["https:\/\/formavigo.es\/pt-pt\/politica-de-privacidade\/"]}]},{"@type":"BreadcrumbList","@id":"https:\/\/formavigo.es\/pt-pt\/politica-de-privacidade\/#breadcrumb","itemListElement":[{"@type":"ListItem","position":1,"name":"In\u00edcio","item":"https:\/\/formavigo.es\/pt-pt\/"},{"@type":"ListItem","position":2,"name":"Pol\u00edtica de privacidade"}]},{"@type":"WebSite","@id":"https:\/\/formavigo.es\/pt-pt\/#website","url":"https:\/\/formavigo.es\/pt-pt\/","name":"Formavigo","description":"","publisher":{"@id":"https:\/\/formavigo.es\/pt-pt\/#organization"},"potentialAction":[{"@type":"SearchAction","target":{"@type":"EntryPoint","urlTemplate":"https:\/\/formavigo.es\/pt-pt\/?s={search_term_string}"},"query-input":{"@type":"PropertyValueSpecification","valueRequired":true,"valueName":"search_term_string"}}],"inLanguage":"pt-PT"},{"@type":"Organization","@id":"https:\/\/formavigo.es\/pt-pt\/#organization","name":"Formavigo","url":"https:\/\/formavigo.es\/pt-pt\/","logo":{"@type":"ImageObject","inLanguage":"pt-PT","@id":"https:\/\/formavigo.es\/pt-pt\/#\/schema\/logo\/image\/","url":"https:\/\/formavigo.es\/wp-content\/uploads\/2022\/09\/logo-formavigo.svg","contentUrl":"https:\/\/formavigo.es\/wp-content\/uploads\/2022\/09\/logo-formavigo.svg","width":260,"height":57,"caption":"Formavigo"},"image":{"@id":"https:\/\/formavigo.es\/pt-pt\/#\/schema\/logo\/image\/"}}]}},"_links":{"self":[{"href":"https:\/\/formavigo.es\/pt-pt\/wp-json\/wp\/v2\/pages\/7274","targetHints":{"allow":["GET"]}}],"collection":[{"href":"https:\/\/formavigo.es\/pt-pt\/wp-json\/wp\/v2\/pages"}],"about":[{"href":"https:\/\/formavigo.es\/pt-pt\/wp-json\/wp\/v2\/types\/page"}],"author":[{"embeddable":true,"href":"https:\/\/formavigo.es\/pt-pt\/wp-json\/wp\/v2\/users\/1"}],"replies":[{"embeddable":true,"href":"https:\/\/formavigo.es\/pt-pt\/wp-json\/wp\/v2\/comments?post=7274"}],"version-history":[{"count":2,"href":"https:\/\/formavigo.es\/pt-pt\/wp-json\/wp\/v2\/pages\/7274\/revisions"}],"predecessor-version":[{"id":8260,"href":"https:\/\/formavigo.es\/pt-pt\/wp-json\/wp\/v2\/pages\/7274\/revisions\/8260"}],"wp:attachment":[{"href":"https:\/\/formavigo.es\/pt-pt\/wp-json\/wp\/v2\/media?parent=7274"}],"curies":[{"name":"wp","href":"https:\/\/api.w.org\/{rel}","templated":true}]}}