{"id":7273,"date":"2022-09-09T12:54:13","date_gmt":"2022-09-09T12:54:13","guid":{"rendered":"https:\/\/formavigo.es\/politica-de-cookies\/"},"modified":"2023-03-10T08:43:04","modified_gmt":"2023-03-10T08:43:04","slug":"politica-de-cookies","status":"publish","type":"page","link":"https:\/\/formavigo.es\/pt-pt\/politica-de-cookies\/","title":{"rendered":"Pol\u00edtica de cookies"},"content":{"rendered":"\n<h2 class=\"wp-block-heading\"><strong>O que s\u00e3o cookies?<\/strong><\/h2>\n\n\n\n<p>Em ingl\u00eas, o termo &#8220;cookie&#8221; significa biscoito, mas no campo da navega\u00e7\u00e3o na web, um &#8220;cookie&#8221; \u00e9 algo completamente diferente. Quando acede ao nosso Website, uma pequena quantidade de texto chamada &#8220;cookie&#8221; \u00e9 armazenada no browser do seu dispositivo. Este texto cont\u00e9m v\u00e1rias informa\u00e7\u00f5es sobre os seus h\u00e1bitos de navega\u00e7\u00e3o, prefer\u00eancias, personaliza\u00e7\u00e3o de conte\u00fados, etc&#8230;<\/p>\n\n\n\n<p>Existem outras tecnologias que funcionam de forma semelhante e s\u00e3o tamb\u00e9m utilizadas para recolher dados sobre a sua actividade de navega\u00e7\u00e3o. Vamos chamar &#8220;cookies&#8221; a todas estas tecnologias como um todo.<\/p>\n\n\n\n<p>Os usos espec\u00edficos que fazemos destas tecnologias s\u00e3o descritos neste documento.<\/p>\n\n\n\n<p>Para que s\u00e3o utilizados cookies neste s\u00edtio web?<\/p>\n\n\n\n<p>Os cookies s\u00e3o uma parte essencial do funcionamento do Website. O principal objectivo dos nossos cookies \u00e9 melhorar a sua experi\u00eancia de navega\u00e7\u00e3o. Por exemplo, para recordar as suas prefer\u00eancias (l\u00edngua, pa\u00eds, etc.) durante a navega\u00e7\u00e3o e em visitas futuras. As informa\u00e7\u00f5es recolhidas nos cookies tamb\u00e9m nos permitem melhorar o website, adapt\u00e1-lo aos seus interesses como utilizador, acelerar as pesquisas que faz, etc&#8230;<\/p>\n\n\n\n<p>Em certos casos, se tivermos obtido o seu consentimento pr\u00e9vio informado, poderemos utilizar cookies para outras utiliza\u00e7\u00f5es, por exemplo para obter informa\u00e7\u00f5es que nos permitam mostrar-lhe publicidade com base na an\u00e1lise dos seus h\u00e1bitos de navega\u00e7\u00e3o.<\/p>\n\n\n\n<h2 class=\"wp-block-heading\"><strong>Para que \u00e9 que os cookies N\u00c3O s\u00e3o utilizados neste website?<\/strong><\/h2>\n\n\n\n<p>Os cookies que utilizamos n\u00e3o armazenam informa\u00e7\u00f5es de identifica\u00e7\u00e3o pessoal sens\u00edveis como o seu nome, morada, palavra-passe, etc&#8230;<\/p>\n\n\n\n<h2 class=\"wp-block-heading\"><strong>Quem utiliza as informa\u00e7\u00f5es armazenadas nos cookies?<\/strong><\/h2>\n\n\n\n<p>As informa\u00e7\u00f5es armazenadas nos cookies do nosso website s\u00e3o utilizadas exclusivamente por n\u00f3s, com excep\u00e7\u00e3o das identificadas abaixo como &#8220;cookies de terceiros&#8221;, que s\u00e3o utilizadas e geridas por entidades externas que nos fornecem servi\u00e7os que melhoram a experi\u00eancia do utilizador. Por exemplo, s\u00e3o recolhidas estat\u00edsticas sobre o n\u00famero de visitas, o conte\u00fado que \u00e9 mais apreciado, etc&#8230;<\/p>\n\n\n\n<h2 class=\"wp-block-heading\"><strong>Como se pode impedir a utiliza\u00e7\u00e3o de cookies neste s\u00edtio Web?<\/strong><\/h2>\n\n\n\n<p>Se preferir evitar a utiliza\u00e7\u00e3o de cookies, pode REJEITAR a sua utiliza\u00e7\u00e3o ou CONFIGURAR os que pretende evitar e os que est\u00e1 autorizado a utilizar (neste documento damos-lhe mais informa\u00e7\u00f5es sobre cada tipo de cookie, a sua finalidade, destinat\u00e1rio, temporalidade, etc&#8230; ).<\/p>\n\n\n\n<p>Se os tiver aceite, n\u00e3o voltaremos a pedir-lhe, a menos que apague os cookies no seu dispositivo, como indicado na sec\u00e7\u00e3o seguinte. Se desejar revogar o consentimento ter\u00e1 de eliminar os cookies e reinici\u00e1-los.<\/p>\n\n\n\n<h2 class=\"wp-block-heading\"><strong>Como desactivar e apagar a utiliza\u00e7\u00e3o de cookies?<\/strong><\/h2>\n\n\n\n<p>Para restringir, bloquear ou eliminar cookies deste Website (e os utilizados por terceiros) pode faz\u00ea-lo, em qualquer altura, modificando as defini\u00e7\u00f5es do seu navegador. Note que estas configura\u00e7\u00f5es s\u00e3o diferentes para cada navegador.<\/p>\n\n\n\n<p>Nos links seguintes encontrar\u00e1 instru\u00e7\u00f5es sobre como activar ou desactivar os cookies nos navegadores mais comuns.<\/p>\n\n\n\n<p>Firefox<\/p>\n\n\n\n<p>Google Chrome<\/p>\n\n\n\n<p>Internet Explorer<\/p>\n\n\n\n<p>Microsoft Edge<\/p>\n\n\n\n<p>Safari<\/p>\n\n\n\n<p>Que tipos de cookies s\u00e3o utilizados neste website?<\/p>\n\n\n\n<p>Cada website utiliza os seus pr\u00f3prios cookies. No nosso s\u00edtio web utilizamos os listados abaixo:<\/p>\n\n\n\n<h2 class=\"wp-block-heading\"><strong>DE ACORDO COM A ENTIDADE QUE A GERE<\/strong><\/h2>\n\n\n\n<h2 class=\"wp-block-heading\"><strong>Cookies pr\u00f3prios:<\/strong><\/h2>\n\n\n\n<p>Estes s\u00e3o aqueles que s\u00e3o enviados para o equipamento terminal do Utilizador a partir de um computador ou dom\u00ednio gerido pelo pr\u00f3prio editor e a partir do qual \u00e9 prestado o servi\u00e7o solicitado pelo Utilizador.<\/p>\n\n\n\n<h2 class=\"wp-block-heading\"><strong>Cookies de terceiros:<\/strong><\/h2>\n\n\n\n<p>Estes s\u00e3o aqueles que s\u00e3o enviados para o equipamento terminal do Utilizador a partir de um computador ou dom\u00ednio que n\u00e3o \u00e9 gerido pelo editor, mas por outra entidade que processa os dados obtidos atrav\u00e9s dos cookies.<\/p>\n\n\n\n<p>No caso de os cookies serem servidos a partir de um computador ou dom\u00ednio gerido pelo pr\u00f3prio editor, mas a informa\u00e7\u00e3o recolhida atrav\u00e9s destes ser gerida por um terceiro, n\u00e3o podem ser considerados como cookies pr\u00f3prios se o terceiro os utilizar para os seus pr\u00f3prios fins (por exemplo, a melhoria dos servi\u00e7os que presta ou a presta\u00e7\u00e3o de servi\u00e7os de publicidade a outras entidades).<\/p>\n\n\n\n<h2 class=\"wp-block-heading\"><strong>DE ACORDO COM O SEU OBJECTIVO<\/strong><\/h2>\n\n\n\n<p><strong>Cookies t\u00e9cnicos:<\/strong><\/p>\n\n\n\n<p>Estes s\u00e3o os necess\u00e1rios para a navega\u00e7\u00e3o e o bom funcionamento do nosso Website, tais como, por exemplo, controlar o tr\u00e1fego e a comunica\u00e7\u00e3o de dados, identificar a sess\u00e3o, aceder a partes de acesso restrito, fazer o pedido de registo ou participa\u00e7\u00e3o num evento, contar visitas para efeitos de factura\u00e7\u00e3o de licen\u00e7as do software com o qual o servi\u00e7o do Website funciona, utilizar elementos de seguran\u00e7a durante a navega\u00e7\u00e3o, armazenar conte\u00fados para a difus\u00e3o de v\u00eddeos ou som, permitir conte\u00fados din\u00e2micos (por exemplo, carregar anima\u00e7\u00e3o de um texto ou imagem).<\/p>\n\n\n\n<p><strong>Cookies de an\u00e1lise:<\/strong><\/p>\n\n\n\n<p>Permitem quantificar o n\u00famero de utilizadores e assim realizar a medi\u00e7\u00e3o e an\u00e1lise estat\u00edstica da utiliza\u00e7\u00e3o feita pelos utilizadores do Website.<\/p>\n\n\n\n<p><strong>Cookies de prefer\u00eancia ou de personaliza\u00e7\u00e3o:<\/strong><\/p>\n\n\n\n<p>S\u00e3o aquelas que permitem que a informa\u00e7\u00e3o seja lembrada para que o Utilizador possa aceder ao servi\u00e7o com determinadas caracter\u00edsticas que podem diferenciar a sua experi\u00eancia da de outros utilizadores, tais como, por exemplo, a l\u00edngua, o n\u00famero de resultados a mostrar quando o Utilizador realiza uma pesquisa, a apar\u00eancia ou o conte\u00fado do servi\u00e7o dependendo do tipo de navegador atrav\u00e9s do qual o Utilizador acede ao servi\u00e7o ou da regi\u00e3o a partir da qual acede ao servi\u00e7o, etc.<\/p>\n\n\n\n<h2 class=\"wp-block-heading\"><strong>DE ACORDO COM O PER\u00cdODO DE TEMPO EM QUE PERMANECEM ACTIVOS<\/strong><\/h2>\n\n\n\n<p><strong>Cookies de sess\u00e3o:<\/strong><\/p>\n\n\n\n<p>Estes s\u00e3o os concebidos para recolher e armazenar dados enquanto o Utilizador acede a uma p\u00e1gina web.<\/p>\n\n\n\n<p>S\u00e3o normalmente utilizados para armazenar informa\u00e7\u00f5es que s\u00f3 interessa guardar para a presta\u00e7\u00e3o do servi\u00e7o solicitado pelo Utilizador numa \u00fanica ocasi\u00e3o (por exemplo, uma lista de produtos adquiridos) e desaparecem no final da sess\u00e3o.<\/p>\n\n\n\n<p><strong>Cookies persistentes:<\/strong><\/p>\n\n\n\n<p>S\u00e3o cookies nos quais os dados permanecem armazenados no terminal e podem ser acedidos e processados durante um per\u00edodo definido pelo respons\u00e1vel pelo cookie, que pode variar de alguns minutos a v\u00e1rios anos. A este respeito, deve ser especificamente avaliado se a utiliza\u00e7\u00e3o de cookies persistentes \u00e9 necess\u00e1ria, uma vez que os riscos de privacidade poderiam ser reduzidos atrav\u00e9s da utiliza\u00e7\u00e3o de cookies de sess\u00e3o. Em qualquer caso, quando os cookies persistentes s\u00e3o definidos, recomenda-se reduzir a sua dura\u00e7\u00e3o tempor\u00e1ria ao m\u00ednimo necess\u00e1rio, tendo em conta o objectivo da sua utiliza\u00e7\u00e3o. Para este efeito, o parecer do Grupo de Trabalho 4\/2012 do WG29 indicou que para que um cookie esteja isento do dever de consentimento esclarecido, a sua expira\u00e7\u00e3o deve estar relacionada com o seu objectivo. Como resultado, os cookies de sess\u00e3o s\u00e3o muito mais suscept\u00edveis de serem considerados isentos do que os cookies persistentes.<\/p>\n","protected":false},"excerpt":{"rendered":"<p>O que s\u00e3o cookies? Em ingl\u00eas, o termo &#8220;cookie&#8221; significa biscoito, mas no campo da navega\u00e7\u00e3o na web, um &#8220;cookie&#8221; \u00e9 algo completamente diferente. Quando acede ao nosso Website, uma pequena quantidade de texto chamada &#8220;cookie&#8221; \u00e9 armazenada no browser do seu dispositivo. Este texto cont\u00e9m v\u00e1rias informa\u00e7\u00f5es sobre os seus h\u00e1bitos de navega\u00e7\u00e3o, prefer\u00eancias,&hellip;<\/p>\n","protected":false},"author":1,"featured_media":0,"parent":0,"menu_order":0,"comment_status":"closed","ping_status":"closed","template":"","meta":{"_acf_changed":false,"inline_featured_image":false,"footnotes":""},"class_list":["post-7273","page","type-page","status-publish","hentry","entry","no-media"],"acf":[],"yoast_head":"<!-- This site is optimized with the Yoast SEO plugin v27.3 - https:\/\/yoast.com\/product\/yoast-seo-wordpress\/ -->\n<title>Pol\u00edtica de cookies - Formavigo<\/title>\n<meta name=\"robots\" content=\"index, follow, max-snippet:-1, max-image-preview:large, max-video-preview:-1\" \/>\n<link rel=\"canonical\" href=\"https:\/\/formavigo.es\/pt-pt\/politica-de-cookies\/\" \/>\n<meta property=\"og:locale\" content=\"pt_PT\" \/>\n<meta property=\"og:type\" content=\"article\" \/>\n<meta property=\"og:title\" content=\"Pol\u00edtica de cookies - Formavigo\" \/>\n<meta property=\"og:description\" content=\"O que s\u00e3o cookies? Em ingl\u00eas, o termo &#8220;cookie&#8221; significa biscoito, mas no campo da navega\u00e7\u00e3o na web, um &#8220;cookie&#8221; \u00e9 algo completamente diferente. Quando acede ao nosso Website, uma pequena quantidade de texto chamada &#8220;cookie&#8221; \u00e9 armazenada no browser do seu dispositivo. Este texto cont\u00e9m v\u00e1rias informa\u00e7\u00f5es sobre os seus h\u00e1bitos de navega\u00e7\u00e3o, prefer\u00eancias,&hellip;\" \/>\n<meta property=\"og:url\" content=\"https:\/\/formavigo.es\/pt-pt\/politica-de-cookies\/\" \/>\n<meta property=\"og:site_name\" content=\"Formavigo\" \/>\n<meta property=\"article:modified_time\" content=\"2023-03-10T08:43:04+00:00\" \/>\n<meta name=\"twitter:card\" content=\"summary_large_image\" \/>\n<meta name=\"twitter:label1\" content=\"Tempo estimado de leitura\" \/>\n\t<meta name=\"twitter:data1\" content=\"5 minutos\" \/>\n<script type=\"application\/ld+json\" class=\"yoast-schema-graph\">{\"@context\":\"https:\\\/\\\/schema.org\",\"@graph\":[{\"@type\":\"WebPage\",\"@id\":\"https:\\\/\\\/formavigo.es\\\/pt-pt\\\/politica-de-cookies\\\/\",\"url\":\"https:\\\/\\\/formavigo.es\\\/pt-pt\\\/politica-de-cookies\\\/\",\"name\":\"Pol\u00edtica de cookies - Formavigo\",\"isPartOf\":{\"@id\":\"https:\\\/\\\/formavigo.es\\\/pt-pt\\\/#website\"},\"datePublished\":\"2022-09-09T12:54:13+00:00\",\"dateModified\":\"2023-03-10T08:43:04+00:00\",\"breadcrumb\":{\"@id\":\"https:\\\/\\\/formavigo.es\\\/pt-pt\\\/politica-de-cookies\\\/#breadcrumb\"},\"inLanguage\":\"pt-PT\",\"potentialAction\":[{\"@type\":\"ReadAction\",\"target\":[\"https:\\\/\\\/formavigo.es\\\/pt-pt\\\/politica-de-cookies\\\/\"]}]},{\"@type\":\"BreadcrumbList\",\"@id\":\"https:\\\/\\\/formavigo.es\\\/pt-pt\\\/politica-de-cookies\\\/#breadcrumb\",\"itemListElement\":[{\"@type\":\"ListItem\",\"position\":1,\"name\":\"In\u00edcio\",\"item\":\"https:\\\/\\\/formavigo.es\\\/pt-pt\\\/\"},{\"@type\":\"ListItem\",\"position\":2,\"name\":\"Pol\u00edtica de cookies\"}]},{\"@type\":\"WebSite\",\"@id\":\"https:\\\/\\\/formavigo.es\\\/pt-pt\\\/#website\",\"url\":\"https:\\\/\\\/formavigo.es\\\/pt-pt\\\/\",\"name\":\"Formavigo\",\"description\":\"\",\"publisher\":{\"@id\":\"https:\\\/\\\/formavigo.es\\\/pt-pt\\\/#organization\"},\"potentialAction\":[{\"@type\":\"SearchAction\",\"target\":{\"@type\":\"EntryPoint\",\"urlTemplate\":\"https:\\\/\\\/formavigo.es\\\/pt-pt\\\/?s={search_term_string}\"},\"query-input\":{\"@type\":\"PropertyValueSpecification\",\"valueRequired\":true,\"valueName\":\"search_term_string\"}}],\"inLanguage\":\"pt-PT\"},{\"@type\":\"Organization\",\"@id\":\"https:\\\/\\\/formavigo.es\\\/pt-pt\\\/#organization\",\"name\":\"Formavigo\",\"url\":\"https:\\\/\\\/formavigo.es\\\/pt-pt\\\/\",\"logo\":{\"@type\":\"ImageObject\",\"inLanguage\":\"pt-PT\",\"@id\":\"https:\\\/\\\/formavigo.es\\\/pt-pt\\\/#\\\/schema\\\/logo\\\/image\\\/\",\"url\":\"https:\\\/\\\/formavigo.es\\\/wp-content\\\/uploads\\\/2022\\\/09\\\/logo-formavigo.svg\",\"contentUrl\":\"https:\\\/\\\/formavigo.es\\\/wp-content\\\/uploads\\\/2022\\\/09\\\/logo-formavigo.svg\",\"width\":260,\"height\":57,\"caption\":\"Formavigo\"},\"image\":{\"@id\":\"https:\\\/\\\/formavigo.es\\\/pt-pt\\\/#\\\/schema\\\/logo\\\/image\\\/\"}}]}<\/script>\n<!-- \/ Yoast SEO plugin. -->","yoast_head_json":{"title":"Pol\u00edtica de cookies - Formavigo","robots":{"index":"index","follow":"follow","max-snippet":"max-snippet:-1","max-image-preview":"max-image-preview:large","max-video-preview":"max-video-preview:-1"},"canonical":"https:\/\/formavigo.es\/pt-pt\/politica-de-cookies\/","og_locale":"pt_PT","og_type":"article","og_title":"Pol\u00edtica de cookies - Formavigo","og_description":"O que s\u00e3o cookies? Em ingl\u00eas, o termo &#8220;cookie&#8221; significa biscoito, mas no campo da navega\u00e7\u00e3o na web, um &#8220;cookie&#8221; \u00e9 algo completamente diferente. Quando acede ao nosso Website, uma pequena quantidade de texto chamada &#8220;cookie&#8221; \u00e9 armazenada no browser do seu dispositivo. Este texto cont\u00e9m v\u00e1rias informa\u00e7\u00f5es sobre os seus h\u00e1bitos de navega\u00e7\u00e3o, prefer\u00eancias,&hellip;","og_url":"https:\/\/formavigo.es\/pt-pt\/politica-de-cookies\/","og_site_name":"Formavigo","article_modified_time":"2023-03-10T08:43:04+00:00","twitter_card":"summary_large_image","twitter_misc":{"Tempo estimado de leitura":"5 minutos"},"schema":{"@context":"https:\/\/schema.org","@graph":[{"@type":"WebPage","@id":"https:\/\/formavigo.es\/pt-pt\/politica-de-cookies\/","url":"https:\/\/formavigo.es\/pt-pt\/politica-de-cookies\/","name":"Pol\u00edtica de cookies - Formavigo","isPartOf":{"@id":"https:\/\/formavigo.es\/pt-pt\/#website"},"datePublished":"2022-09-09T12:54:13+00:00","dateModified":"2023-03-10T08:43:04+00:00","breadcrumb":{"@id":"https:\/\/formavigo.es\/pt-pt\/politica-de-cookies\/#breadcrumb"},"inLanguage":"pt-PT","potentialAction":[{"@type":"ReadAction","target":["https:\/\/formavigo.es\/pt-pt\/politica-de-cookies\/"]}]},{"@type":"BreadcrumbList","@id":"https:\/\/formavigo.es\/pt-pt\/politica-de-cookies\/#breadcrumb","itemListElement":[{"@type":"ListItem","position":1,"name":"In\u00edcio","item":"https:\/\/formavigo.es\/pt-pt\/"},{"@type":"ListItem","position":2,"name":"Pol\u00edtica de cookies"}]},{"@type":"WebSite","@id":"https:\/\/formavigo.es\/pt-pt\/#website","url":"https:\/\/formavigo.es\/pt-pt\/","name":"Formavigo","description":"","publisher":{"@id":"https:\/\/formavigo.es\/pt-pt\/#organization"},"potentialAction":[{"@type":"SearchAction","target":{"@type":"EntryPoint","urlTemplate":"https:\/\/formavigo.es\/pt-pt\/?s={search_term_string}"},"query-input":{"@type":"PropertyValueSpecification","valueRequired":true,"valueName":"search_term_string"}}],"inLanguage":"pt-PT"},{"@type":"Organization","@id":"https:\/\/formavigo.es\/pt-pt\/#organization","name":"Formavigo","url":"https:\/\/formavigo.es\/pt-pt\/","logo":{"@type":"ImageObject","inLanguage":"pt-PT","@id":"https:\/\/formavigo.es\/pt-pt\/#\/schema\/logo\/image\/","url":"https:\/\/formavigo.es\/wp-content\/uploads\/2022\/09\/logo-formavigo.svg","contentUrl":"https:\/\/formavigo.es\/wp-content\/uploads\/2022\/09\/logo-formavigo.svg","width":260,"height":57,"caption":"Formavigo"},"image":{"@id":"https:\/\/formavigo.es\/pt-pt\/#\/schema\/logo\/image\/"}}]}},"_links":{"self":[{"href":"https:\/\/formavigo.es\/pt-pt\/wp-json\/wp\/v2\/pages\/7273","targetHints":{"allow":["GET"]}}],"collection":[{"href":"https:\/\/formavigo.es\/pt-pt\/wp-json\/wp\/v2\/pages"}],"about":[{"href":"https:\/\/formavigo.es\/pt-pt\/wp-json\/wp\/v2\/types\/page"}],"author":[{"embeddable":true,"href":"https:\/\/formavigo.es\/pt-pt\/wp-json\/wp\/v2\/users\/1"}],"replies":[{"embeddable":true,"href":"https:\/\/formavigo.es\/pt-pt\/wp-json\/wp\/v2\/comments?post=7273"}],"version-history":[{"count":1,"href":"https:\/\/formavigo.es\/pt-pt\/wp-json\/wp\/v2\/pages\/7273\/revisions"}],"predecessor-version":[{"id":8264,"href":"https:\/\/formavigo.es\/pt-pt\/wp-json\/wp\/v2\/pages\/7273\/revisions\/8264"}],"wp:attachment":[{"href":"https:\/\/formavigo.es\/pt-pt\/wp-json\/wp\/v2\/media?parent=7273"}],"curies":[{"name":"wp","href":"https:\/\/api.w.org\/{rel}","templated":true}]}}