{"id":7265,"date":"2022-08-29T10:23:21","date_gmt":"2022-08-29T10:23:21","guid":{"rendered":"https:\/\/formavigo.es\/fundacao-formavigo\/"},"modified":"2023-09-22T08:31:57","modified_gmt":"2023-09-22T08:31:57","slug":"fundacao-formavigo","status":"publish","type":"page","link":"https:\/\/formavigo.es\/pt-pt\/fundacao-formavigo\/","title":{"rendered":"Funda\u00e7\u00e3o Formavigo"},"content":{"rendered":"[vc_section full_width=&#8221;stretch_row&#8221; el_class=&#8221;seccioncabeceraformavigo&#8221; css=&#8221;.vc_custom_1688553656010{background-image: url(https:\/\/formavigo.es\/wp-content\/uploads\/2023\/07\/tit-fundacion-scaled.webp?id=8669) !important;background-position: center !important;background-repeat: no-repeat !important;background-size: cover !important;}&#8221;][vc_row][vc_column width=&#8221;1\/2&#8243;]<nav class=\"vcex-breadcrumbs vcex-breadcrumbs--links-inherit-color vcex-breadcrumbs--custom-color\" style=\"color:#ffffff;font-size:16px;\"><span><span><a href=\"https:\/\/formavigo.es\/pt-pt\/\">In\u00edcio<\/a><\/span><\/span><\/nav><div class=\"vcex-module vcex-page-title\"><h1 class=\"wpex-heading vcex-page-title__heading wpex-text-3xl\" style=\"color:#ffffff;font-size:60px;\"><span class=\"vcex-page-title__text\">Funda\u00e7\u00e3o Formavigo<\/span><\/h1><\/div>[\/vc_column][vc_column width=&#8221;1\/2&#8243;][\/vc_column][\/vc_row][\/vc_section][vc_section content_placement=&#8221;middle&#8221; el_class=&#8221;seccion2formavigo&#8221;][vc_row content_placement=&#8221;middle&#8221; equal_height=&#8221;yes&#8221;][vc_column width=&#8221;7\/12&#8243; el_class=&#8221;columnatextofundacion&#8221;]<h2 class=\"vcex-heading vcex-module wpex-text-2xl wpex-font-normal wpex-m-auto wpex-max-w-100 vcex-heading-plain wpex-block tip-50-60 mb-20 linea-izq\"><span class=\"vcex-heading-inner wpex-inline-block wpex-clr\">Necessidades de apoio<\/span><\/h2>[vc_column_text color=&#8221;#000000&#8243; font_size=&#8221;20px&#8221;]A Funda\u00e7\u00e3o Formavigo \u00e9 uma organiza\u00e7\u00e3o sem fins lucrativos, que foi criada como um instrumento para desenvolver iniciativas em coopera\u00e7\u00e3o com a Administra\u00e7\u00e3o P\u00fablica e a Empresa Privada, para apoiar as necessidades dos candidatos a emprego com especial dificuldade em encontrar emprego.<\/p>\n<p>A sua principal atividade \u00e9 a forma\u00e7\u00e3o, com o objetivo de conseguir a inser\u00e7\u00e3o laboral e o reemprego de pessoas desempregadas, especialmente jovens sem qualifica\u00e7\u00f5es, desempregados de longa dura\u00e7\u00e3o, imigrantes, mulheres&#8230;<\/p>\n<p>Os seus programas destinam-se a um grupo plural de desempregados com os quais desenvolve ac\u00e7\u00f5es espec\u00edficas de forma\u00e7\u00e3o em diferentes of\u00edcios, motiva\u00e7\u00e3o, aconselhamento, forma\u00e7\u00e3o transversal, forma\u00e7\u00e3o para a integra\u00e7\u00e3o e a igualdade, prospe\u00e7\u00e3o do mercado de trabalho, transfer\u00eancia de ofertas, acompanhamento do emprego e acompanhamento no processo de sele\u00e7\u00e3o.<\/p>\n<p>A Funda\u00e7\u00e3o Formavigo tece redes e realiza projectos sociais que podem contribuir para uma sociedade mais forte, mais coesa e solid\u00e1ria, com especial interesse na qualidade de vida dos nossos idosos e dos nossos jovens.[\/vc_column_text]<a href=\"https:\/\/fundacionformavigo.com\/es\/\" class=\"vcex-button theme-button medium inline btn-fv1 mt-50\" target=\"_blank\" rel=\"noopener noreferrer\"><span class=\"theme-button-inner\">Ver mais<\/span><\/a> [\/vc_column][vc_column width=&#8221;5\/12&#8243; css=&#8221;.vc_custom_1688554693183{background-image: url(https:\/\/formavigo.es\/wp-content\/uploads\/2023\/07\/foto-a456.jpg?id=8674) !important;background-position: center !important;background-repeat: no-repeat !important;background-size: contain !important;}&#8221;][vc_single_image image=&#8221;8676&#8243; alignment=&#8221;center&#8221; visibility=&#8221;visible-phone&#8221;][\/vc_column][\/vc_row][\/vc_section]\n","protected":false},"excerpt":{"rendered":"<p>[vc_section full_width=&#8221;stretch_row&#8221; el_class=&#8221;seccioncabeceraformavigo&#8221; css=&#8221;.vc_custom_1688553656010{background-image: url(https:\/\/formavigo.es\/wp-content\/uploads\/2023\/07\/tit-fundacion-scaled.webp?id=8669) !important;background-position: center !important;background-repeat: no-repeat !important;background-size: cover !important;}&#8221;][vc_row][vc_column width=&#8221;1\/2&#8243;][\/vc_column][vc_column width=&#8221;1\/2&#8243;][\/vc_column][\/vc_row][\/vc_section][vc_section content_placement=&#8221;middle&#8221; el_class=&#8221;seccion2formavigo&#8221;][vc_row content_placement=&#8221;middle&#8221; equal_height=&#8221;yes&#8221;][vc_column width=&#8221;7\/12&#8243; el_class=&#8221;columnatextofundacion&#8221;][vc_column_text color=&#8221;#000000&#8243; font_size=&#8221;20px&#8221;]A Funda\u00e7\u00e3o Formavigo \u00e9 uma organiza\u00e7\u00e3o sem fins lucrativos, que foi criada como um instrumento para desenvolver iniciativas em coopera\u00e7\u00e3o com a Administra\u00e7\u00e3o P\u00fablica e a Empresa Privada, para apoiar as necessidades dos candidatos&hellip;<\/p>\n","protected":false},"author":1,"featured_media":8671,"parent":0,"menu_order":0,"comment_status":"closed","ping_status":"closed","template":"","meta":{"_acf_changed":false,"inline_featured_image":false,"footnotes":""},"class_list":["post-7265","page","type-page","status-publish","has-post-thumbnail","hentry","entry","has-media"],"acf":[],"yoast_head":"<!-- This site is optimized with the Yoast SEO plugin v27.3 - https:\/\/yoast.com\/product\/yoast-seo-wordpress\/ -->\n<title>Funda\u00e7\u00e3o Formavigo - Formavigo<\/title>\n<meta name=\"robots\" content=\"index, follow, max-snippet:-1, max-image-preview:large, max-video-preview:-1\" \/>\n<link rel=\"canonical\" href=\"https:\/\/formavigo.es\/pt-pt\/fundacao-formavigo\/\" \/>\n<meta property=\"og:locale\" content=\"pt_PT\" \/>\n<meta property=\"og:type\" content=\"article\" \/>\n<meta property=\"og:title\" content=\"Funda\u00e7\u00e3o Formavigo - Formavigo\" \/>\n<meta property=\"og:description\" content=\"[vc_section full_width=&#8221;stretch_row&#8221; el_class=&#8221;seccioncabeceraformavigo&#8221; css=&#8221;.vc_custom_1688553656010{background-image: url(https:\/\/formavigo.es\/wp-content\/uploads\/2023\/07\/tit-fundacion-scaled.webp?id=8669) !important;background-position: center !important;background-repeat: no-repeat !important;background-size: cover !important;}&#8221;][vc_row][vc_column width=&#8221;1\/2&#8243;][\/vc_column][vc_column width=&#8221;1\/2&#8243;][\/vc_column][\/vc_row][\/vc_section][vc_section content_placement=&#8221;middle&#8221; el_class=&#8221;seccion2formavigo&#8221;][vc_row content_placement=&#8221;middle&#8221; equal_height=&#8221;yes&#8221;][vc_column width=&#8221;7\/12&#8243; el_class=&#8221;columnatextofundacion&#8221;][vc_column_text color=&#8221;#000000&#8243; font_size=&#8221;20px&#8221;]A Funda\u00e7\u00e3o Formavigo \u00e9 uma organiza\u00e7\u00e3o sem fins lucrativos, que foi criada como um instrumento para desenvolver iniciativas em coopera\u00e7\u00e3o com a Administra\u00e7\u00e3o P\u00fablica e a Empresa Privada, para apoiar as necessidades dos candidatos&hellip;\" \/>\n<meta property=\"og:url\" content=\"https:\/\/formavigo.es\/pt-pt\/fundacao-formavigo\/\" \/>\n<meta property=\"og:site_name\" content=\"Formavigo\" \/>\n<meta property=\"article:modified_time\" content=\"2023-09-22T08:31:57+00:00\" \/>\n<meta property=\"og:image\" content=\"https:\/\/formavigo.es\/wp-content\/uploads\/2023\/07\/tit-fundacion-scaled.webp\" \/>\n\t<meta property=\"og:image:width\" content=\"2560\" \/>\n\t<meta property=\"og:image:height\" content=\"730\" \/>\n\t<meta property=\"og:image:type\" content=\"image\/webp\" \/>\n<meta name=\"twitter:card\" content=\"summary_large_image\" \/>\n<meta name=\"twitter:label1\" content=\"Tempo estimado de leitura\" \/>\n\t<meta name=\"twitter:data1\" content=\"1 minuto\" \/>\n<script type=\"application\/ld+json\" class=\"yoast-schema-graph\">{\"@context\":\"https:\\\/\\\/schema.org\",\"@graph\":[{\"@type\":\"WebPage\",\"@id\":\"https:\\\/\\\/formavigo.es\\\/pt-pt\\\/fundacao-formavigo\\\/\",\"url\":\"https:\\\/\\\/formavigo.es\\\/pt-pt\\\/fundacao-formavigo\\\/\",\"name\":\"Funda\u00e7\u00e3o Formavigo - Formavigo\",\"isPartOf\":{\"@id\":\"https:\\\/\\\/formavigo.es\\\/pt-pt\\\/#website\"},\"primaryImageOfPage\":{\"@id\":\"https:\\\/\\\/formavigo.es\\\/pt-pt\\\/fundacao-formavigo\\\/#primaryimage\"},\"image\":{\"@id\":\"https:\\\/\\\/formavigo.es\\\/pt-pt\\\/fundacao-formavigo\\\/#primaryimage\"},\"thumbnailUrl\":\"https:\\\/\\\/formavigo.es\\\/wp-content\\\/uploads\\\/2023\\\/07\\\/tit-fundacion-scaled.webp\",\"datePublished\":\"2022-08-29T10:23:21+00:00\",\"dateModified\":\"2023-09-22T08:31:57+00:00\",\"breadcrumb\":{\"@id\":\"https:\\\/\\\/formavigo.es\\\/pt-pt\\\/fundacao-formavigo\\\/#breadcrumb\"},\"inLanguage\":\"pt-PT\",\"potentialAction\":[{\"@type\":\"ReadAction\",\"target\":[\"https:\\\/\\\/formavigo.es\\\/pt-pt\\\/fundacao-formavigo\\\/\"]}]},{\"@type\":\"ImageObject\",\"inLanguage\":\"pt-PT\",\"@id\":\"https:\\\/\\\/formavigo.es\\\/pt-pt\\\/fundacao-formavigo\\\/#primaryimage\",\"url\":\"https:\\\/\\\/formavigo.es\\\/wp-content\\\/uploads\\\/2023\\\/07\\\/tit-fundacion-scaled.webp\",\"contentUrl\":\"https:\\\/\\\/formavigo.es\\\/wp-content\\\/uploads\\\/2023\\\/07\\\/tit-fundacion-scaled.webp\",\"width\":2560,\"height\":730},{\"@type\":\"BreadcrumbList\",\"@id\":\"https:\\\/\\\/formavigo.es\\\/pt-pt\\\/fundacao-formavigo\\\/#breadcrumb\",\"itemListElement\":[{\"@type\":\"ListItem\",\"position\":1,\"name\":\"In\u00edcio\",\"item\":\"https:\\\/\\\/formavigo.es\\\/pt-pt\\\/\"},{\"@type\":\"ListItem\",\"position\":2,\"name\":\"Funda\u00e7\u00e3o Formavigo\"}]},{\"@type\":\"WebSite\",\"@id\":\"https:\\\/\\\/formavigo.es\\\/pt-pt\\\/#website\",\"url\":\"https:\\\/\\\/formavigo.es\\\/pt-pt\\\/\",\"name\":\"Formavigo\",\"description\":\"\",\"publisher\":{\"@id\":\"https:\\\/\\\/formavigo.es\\\/pt-pt\\\/#organization\"},\"potentialAction\":[{\"@type\":\"SearchAction\",\"target\":{\"@type\":\"EntryPoint\",\"urlTemplate\":\"https:\\\/\\\/formavigo.es\\\/pt-pt\\\/?s={search_term_string}\"},\"query-input\":{\"@type\":\"PropertyValueSpecification\",\"valueRequired\":true,\"valueName\":\"search_term_string\"}}],\"inLanguage\":\"pt-PT\"},{\"@type\":\"Organization\",\"@id\":\"https:\\\/\\\/formavigo.es\\\/pt-pt\\\/#organization\",\"name\":\"Formavigo\",\"url\":\"https:\\\/\\\/formavigo.es\\\/pt-pt\\\/\",\"logo\":{\"@type\":\"ImageObject\",\"inLanguage\":\"pt-PT\",\"@id\":\"https:\\\/\\\/formavigo.es\\\/pt-pt\\\/#\\\/schema\\\/logo\\\/image\\\/\",\"url\":\"https:\\\/\\\/formavigo.es\\\/wp-content\\\/uploads\\\/2022\\\/09\\\/logo-formavigo.svg\",\"contentUrl\":\"https:\\\/\\\/formavigo.es\\\/wp-content\\\/uploads\\\/2022\\\/09\\\/logo-formavigo.svg\",\"width\":260,\"height\":57,\"caption\":\"Formavigo\"},\"image\":{\"@id\":\"https:\\\/\\\/formavigo.es\\\/pt-pt\\\/#\\\/schema\\\/logo\\\/image\\\/\"}}]}<\/script>\n<!-- \/ Yoast SEO plugin. -->","yoast_head_json":{"title":"Funda\u00e7\u00e3o Formavigo - Formavigo","robots":{"index":"index","follow":"follow","max-snippet":"max-snippet:-1","max-image-preview":"max-image-preview:large","max-video-preview":"max-video-preview:-1"},"canonical":"https:\/\/formavigo.es\/pt-pt\/fundacao-formavigo\/","og_locale":"pt_PT","og_type":"article","og_title":"Funda\u00e7\u00e3o Formavigo - Formavigo","og_description":"[vc_section full_width=&#8221;stretch_row&#8221; el_class=&#8221;seccioncabeceraformavigo&#8221; css=&#8221;.vc_custom_1688553656010{background-image: url(https:\/\/formavigo.es\/wp-content\/uploads\/2023\/07\/tit-fundacion-scaled.webp?id=8669) !important;background-position: center !important;background-repeat: no-repeat !important;background-size: cover !important;}&#8221;][vc_row][vc_column width=&#8221;1\/2&#8243;][\/vc_column][vc_column width=&#8221;1\/2&#8243;][\/vc_column][\/vc_row][\/vc_section][vc_section content_placement=&#8221;middle&#8221; el_class=&#8221;seccion2formavigo&#8221;][vc_row content_placement=&#8221;middle&#8221; equal_height=&#8221;yes&#8221;][vc_column width=&#8221;7\/12&#8243; el_class=&#8221;columnatextofundacion&#8221;][vc_column_text color=&#8221;#000000&#8243; font_size=&#8221;20px&#8221;]A Funda\u00e7\u00e3o Formavigo \u00e9 uma organiza\u00e7\u00e3o sem fins lucrativos, que foi criada como um instrumento para desenvolver iniciativas em coopera\u00e7\u00e3o com a Administra\u00e7\u00e3o P\u00fablica e a Empresa Privada, para apoiar as necessidades dos candidatos&hellip;","og_url":"https:\/\/formavigo.es\/pt-pt\/fundacao-formavigo\/","og_site_name":"Formavigo","article_modified_time":"2023-09-22T08:31:57+00:00","og_image":[{"width":2560,"height":730,"url":"https:\/\/formavigo.es\/wp-content\/uploads\/2023\/07\/tit-fundacion-scaled.webp","type":"image\/webp"}],"twitter_card":"summary_large_image","twitter_misc":{"Tempo estimado de leitura":"1 minuto"},"schema":{"@context":"https:\/\/schema.org","@graph":[{"@type":"WebPage","@id":"https:\/\/formavigo.es\/pt-pt\/fundacao-formavigo\/","url":"https:\/\/formavigo.es\/pt-pt\/fundacao-formavigo\/","name":"Funda\u00e7\u00e3o Formavigo - Formavigo","isPartOf":{"@id":"https:\/\/formavigo.es\/pt-pt\/#website"},"primaryImageOfPage":{"@id":"https:\/\/formavigo.es\/pt-pt\/fundacao-formavigo\/#primaryimage"},"image":{"@id":"https:\/\/formavigo.es\/pt-pt\/fundacao-formavigo\/#primaryimage"},"thumbnailUrl":"https:\/\/formavigo.es\/wp-content\/uploads\/2023\/07\/tit-fundacion-scaled.webp","datePublished":"2022-08-29T10:23:21+00:00","dateModified":"2023-09-22T08:31:57+00:00","breadcrumb":{"@id":"https:\/\/formavigo.es\/pt-pt\/fundacao-formavigo\/#breadcrumb"},"inLanguage":"pt-PT","potentialAction":[{"@type":"ReadAction","target":["https:\/\/formavigo.es\/pt-pt\/fundacao-formavigo\/"]}]},{"@type":"ImageObject","inLanguage":"pt-PT","@id":"https:\/\/formavigo.es\/pt-pt\/fundacao-formavigo\/#primaryimage","url":"https:\/\/formavigo.es\/wp-content\/uploads\/2023\/07\/tit-fundacion-scaled.webp","contentUrl":"https:\/\/formavigo.es\/wp-content\/uploads\/2023\/07\/tit-fundacion-scaled.webp","width":2560,"height":730},{"@type":"BreadcrumbList","@id":"https:\/\/formavigo.es\/pt-pt\/fundacao-formavigo\/#breadcrumb","itemListElement":[{"@type":"ListItem","position":1,"name":"In\u00edcio","item":"https:\/\/formavigo.es\/pt-pt\/"},{"@type":"ListItem","position":2,"name":"Funda\u00e7\u00e3o Formavigo"}]},{"@type":"WebSite","@id":"https:\/\/formavigo.es\/pt-pt\/#website","url":"https:\/\/formavigo.es\/pt-pt\/","name":"Formavigo","description":"","publisher":{"@id":"https:\/\/formavigo.es\/pt-pt\/#organization"},"potentialAction":[{"@type":"SearchAction","target":{"@type":"EntryPoint","urlTemplate":"https:\/\/formavigo.es\/pt-pt\/?s={search_term_string}"},"query-input":{"@type":"PropertyValueSpecification","valueRequired":true,"valueName":"search_term_string"}}],"inLanguage":"pt-PT"},{"@type":"Organization","@id":"https:\/\/formavigo.es\/pt-pt\/#organization","name":"Formavigo","url":"https:\/\/formavigo.es\/pt-pt\/","logo":{"@type":"ImageObject","inLanguage":"pt-PT","@id":"https:\/\/formavigo.es\/pt-pt\/#\/schema\/logo\/image\/","url":"https:\/\/formavigo.es\/wp-content\/uploads\/2022\/09\/logo-formavigo.svg","contentUrl":"https:\/\/formavigo.es\/wp-content\/uploads\/2022\/09\/logo-formavigo.svg","width":260,"height":57,"caption":"Formavigo"},"image":{"@id":"https:\/\/formavigo.es\/pt-pt\/#\/schema\/logo\/image\/"}}]}},"_links":{"self":[{"href":"https:\/\/formavigo.es\/pt-pt\/wp-json\/wp\/v2\/pages\/7265","targetHints":{"allow":["GET"]}}],"collection":[{"href":"https:\/\/formavigo.es\/pt-pt\/wp-json\/wp\/v2\/pages"}],"about":[{"href":"https:\/\/formavigo.es\/pt-pt\/wp-json\/wp\/v2\/types\/page"}],"author":[{"embeddable":true,"href":"https:\/\/formavigo.es\/pt-pt\/wp-json\/wp\/v2\/users\/1"}],"replies":[{"embeddable":true,"href":"https:\/\/formavigo.es\/pt-pt\/wp-json\/wp\/v2\/comments?post=7265"}],"version-history":[{"count":16,"href":"https:\/\/formavigo.es\/pt-pt\/wp-json\/wp\/v2\/pages\/7265\/revisions"}],"predecessor-version":[{"id":8998,"href":"https:\/\/formavigo.es\/pt-pt\/wp-json\/wp\/v2\/pages\/7265\/revisions\/8998"}],"wp:featuredmedia":[{"embeddable":true,"href":"https:\/\/formavigo.es\/pt-pt\/wp-json\/wp\/v2\/media\/8671"}],"wp:attachment":[{"href":"https:\/\/formavigo.es\/pt-pt\/wp-json\/wp\/v2\/media?parent=7265"}],"curies":[{"name":"wp","href":"https:\/\/api.w.org\/{rel}","templated":true}]}}