{"id":7247,"date":"2022-08-29T07:03:38","date_gmt":"2022-08-29T05:03:38","guid":{"rendered":"https:\/\/formavigo.es\/estagio\/"},"modified":"2023-05-10T07:34:40","modified_gmt":"2023-05-10T07:34:40","slug":"bolsa-de-emprego","status":"publish","type":"page","link":"https:\/\/formavigo.es\/pt-pt\/bolsa-de-emprego\/","title":{"rendered":"Bolsa de Emprego"},"content":{"rendered":"[vc_row full_width=&#8221;stretch_row&#8221; css=&#8221;.vc_custom_1664874008268{background-image: url(https:\/\/formavigo.es\/wp-content\/uploads\/2022\/10\/WZ9V0619-min.jpg?id=954) !important;background-position: center !important;background-repeat: no-repeat !important;background-size: cover !important;}&#8221; el_class=&#8221;cabecerabolsaempleo&#8221;][vc_column]<nav class=\"vcex-breadcrumbs vcex-breadcrumbs--links-inherit-color vcex-breadcrumbs--custom-color\" style=\"color:#ffffff;font-size:16px;text-align:left;\"><span><span><a href=\"https:\/\/formavigo.es\/pt-pt\/\">In\u00edcio<\/a><\/span><\/span><\/nav>[vc_column_text color=&#8221;#ffffff&#8221; font_size=&#8221;60px&#8221;]Est\u00e1gio[\/vc_column_text][\/vc_column][\/vc_row][vc_section full_width=&#8221;stretch_row_content&#8221; el_class=&#8221;seccioninfobolsa&#8221;][vc_row equal_height=&#8221;yes&#8221;][vc_column width=&#8221;1\/2&#8243; css=&#8221;.vc_custom_1661853405119{background-color: #f2f3f8 !important;}&#8221;][vc_single_image image=&#8221;6757&#8243;][\/vc_column][vc_column width=&#8221;1\/2&#8243;]<h3 class=\"vcex-heading vcex-module wpex-text-2xl wpex-font-normal wpex-m-auto wpex-max-w-100 vcex-heading-plain wpex-block tip-50-60 mb-20\"><span class=\"vcex-heading-inner wpex-inline-block wpex-clr\">Elevada empregabilidade e<br \/>\nrecupera\u00e7\u00e3o no sector da constru\u00e7\u00e3o naval<\/span><\/h3>[vc_column_text color=&#8221;#000000&#8243; font_size=&#8221;20px&#8221;]Quando os estagi\u00e1rios completarem a sua forma\u00e7\u00e3o connosco, aconselhamo-los, ajudamo-los e mobilizamos os seus CVs. Muitas empresas contactam-nos pedindo soldadores. Elevada empregabilidade. Detect\u00e1mos um aumento nas ofertas de emprego com a retoma no sector da constru\u00e7\u00e3o naval.[\/vc_column_text][\/vc_column][\/vc_row][\/vc_section][vc_section el_class=&#8221;portfolioofertasempleo&#8221;][vc_row][vc_column][vc_column_text color=&#8221;#000000&#8243; font_size=&#8221;50px&#8221;]Vagas de emprego[\/vc_column_text]<div class=\"vcex-module vcex-portfolio-grid-wrap wpex-clr hidden grillaportfolio\"><div class=\"wpex-row vcex-portfolio-grid wpex-clr entries match-height-grid vcex-isotope-grid\"><div class=\"portfolio-entry vcex-grid-item entry-has-details span_1_of_2 col col-1  vcex-isotope-entry post-8781 entry type-portfolio has-media cat-133 translation_priority-118\"><div class=\"portfolio-entry-inner entry-inner wpex-first-mt-0 wpex-last-mb-0 wpex-clr vc_custom_1662631329969\"><div class=\"portfolio-entry-details entry-details wpex-bordered wpex-first-mt-0 wpex-last-mb-0 wpex-clr\"><div class=\"match-height-content\"><h2 class=\"portfolio-entry-title entry-title wpex-mb-5\"><a href=\"https:\/\/formavigo.es\/pt-pt\/curso\/trabalhos-de-construcao-reparacao-e-manutencao-de-navios-em-estaleiros-e-docas\/\" title=\"Trabalhos de constru\u00e7\u00e3o, repara\u00e7\u00e3o e manuten\u00e7\u00e3o de navios em estaleiros e docas.\">Trabalhos de constru\u00e7\u00e3o, repara\u00e7\u00e3o e manuten\u00e7\u00e3o de navios em estaleiros e docas.<\/a><\/h2><div class=\"portfolio-entry-categories entry-categories wpex-text-sm wpex-leading-tight wpex-text-3 wpex-child-inherit-color wpex-mb-5\"><a class=\"term-133\" href=\"https:\/\/formavigo.es\/pt-pt\/categorias-cursos\/cursos-de-prevencao-de-riscos-laborais\/\">Cursos de Preven\u00e7\u00e3o de Riscos Laborais<\/a><\/div><div class=\"portfolio-entry-readmore-wrap entry-readmore-wrap wpex-my-15 wpex-clr\"><a href=\"https:\/\/formavigo.es\/pt-pt\/curso\/trabalhos-de-construcao-reparacao-e-manutencao-de-navios-em-estaleiros-e-docas\/\" class=\"theme-button\" style=\"font-size:25px;\" aria-label=\"Read more about Trabalhos de constru\u00e7\u00e3o, repara\u00e7\u00e3o e manuten\u00e7\u00e3o de navios em estaleiros e docas.\">Read more <span class=\"vcex-readmore-rarr\">&rarr;<\/span><\/a><\/div><\/div><\/div><\/div><\/div><div class=\"portfolio-entry vcex-grid-item entry-has-details span_1_of_2 col col-2  vcex-isotope-entry post-7433 entry type-portfolio has-media cat-129 translation_priority-118\"><div class=\"portfolio-entry-inner entry-inner wpex-first-mt-0 wpex-last-mb-0 wpex-clr vc_custom_1662631329969\"><div class=\"portfolio-entry-details entry-details wpex-bordered wpex-first-mt-0 wpex-last-mb-0 wpex-clr\"><div class=\"match-height-content\"><h2 class=\"portfolio-entry-title entry-title wpex-mb-5\"><a href=\"https:\/\/formavigo.es\/pt-pt\/curso\/soldadura-offshore-com-arame-tubular\/\" title=\"Soldadura Offshore com Arame Tubular\">Soldadura Offshore com Arame Tubular<\/a><\/h2><div class=\"portfolio-entry-categories entry-categories wpex-text-sm wpex-leading-tight wpex-text-3 wpex-child-inherit-color wpex-mb-5\"><a class=\"term-129\" href=\"https:\/\/formavigo.es\/pt-pt\/categorias-cursos\/cursos-de-soldagem\/\">Cursos de Soldagem<\/a><\/div><div class=\"portfolio-entry-readmore-wrap entry-readmore-wrap wpex-my-15 wpex-clr\"><a href=\"https:\/\/formavigo.es\/pt-pt\/curso\/soldadura-offshore-com-arame-tubular\/\" class=\"theme-button\" style=\"font-size:25px;\" aria-label=\"Read more about Soldadura Offshore com Arame Tubular\">Read more <span class=\"vcex-readmore-rarr\">&rarr;<\/span><\/a><\/div><\/div><\/div><\/div><\/div><div class=\"portfolio-entry vcex-grid-item entry-has-details span_1_of_2 col col-1  vcex-isotope-entry post-7436 entry type-portfolio has-media cat-129 translation_priority-118 translation_priority-116\"><div class=\"portfolio-entry-inner entry-inner wpex-first-mt-0 wpex-last-mb-0 wpex-clr vc_custom_1662631329969\"><div class=\"portfolio-entry-details entry-details wpex-bordered wpex-first-mt-0 wpex-last-mb-0 wpex-clr\"><div class=\"match-height-content\"><h2 class=\"portfolio-entry-title entry-title wpex-mb-5\"><a href=\"https:\/\/formavigo.es\/pt-pt\/curso\/soldadura-offshore-com-bastao\/\" title=\"Soldadura Offshore com Bast\u00e3o\">Soldadura Offshore com Bast\u00e3o<\/a><\/h2><div class=\"portfolio-entry-categories entry-categories wpex-text-sm wpex-leading-tight wpex-text-3 wpex-child-inherit-color wpex-mb-5\"><a class=\"term-129\" href=\"https:\/\/formavigo.es\/pt-pt\/categorias-cursos\/cursos-de-soldagem\/\">Cursos de Soldagem<\/a><\/div><div class=\"portfolio-entry-readmore-wrap entry-readmore-wrap wpex-my-15 wpex-clr\"><a href=\"https:\/\/formavigo.es\/pt-pt\/curso\/soldadura-offshore-com-bastao\/\" class=\"theme-button\" style=\"font-size:25px;\" aria-label=\"Read more about Soldadura Offshore com Bast\u00e3o\">Read more <span class=\"vcex-readmore-rarr\">&rarr;<\/span><\/a><\/div><\/div><\/div><\/div><\/div><div class=\"portfolio-entry vcex-grid-item entry-has-details span_1_of_2 col col-2  vcex-isotope-entry post-7439 entry type-portfolio has-media cat-129 translation_priority-118 translation_priority-116\"><div class=\"portfolio-entry-inner entry-inner wpex-first-mt-0 wpex-last-mb-0 wpex-clr vc_custom_1662631329969\"><div class=\"portfolio-entry-details entry-details wpex-bordered wpex-first-mt-0 wpex-last-mb-0 wpex-clr\"><div class=\"match-height-content\"><h2 class=\"portfolio-entry-title entry-title wpex-mb-5\"><a href=\"https:\/\/formavigo.es\/pt-pt\/curso\/soldadura-avancada-gtaw-tig\/\" title=\"Soldadura Avan\u00e7ada GTAW (TIG)\">Soldadura Avan\u00e7ada GTAW (TIG)<\/a><\/h2><div class=\"portfolio-entry-categories entry-categories wpex-text-sm wpex-leading-tight wpex-text-3 wpex-child-inherit-color wpex-mb-5\"><a class=\"term-129\" href=\"https:\/\/formavigo.es\/pt-pt\/categorias-cursos\/cursos-de-soldagem\/\">Cursos de Soldagem<\/a><\/div><div class=\"portfolio-entry-readmore-wrap entry-readmore-wrap wpex-my-15 wpex-clr\"><a href=\"https:\/\/formavigo.es\/pt-pt\/curso\/soldadura-avancada-gtaw-tig\/\" class=\"theme-button\" style=\"font-size:25px;\" aria-label=\"Read more about Soldadura Avan\u00e7ada GTAW (TIG)\">Read more <span class=\"vcex-readmore-rarr\">&rarr;<\/span><\/a><\/div><\/div><\/div><\/div><\/div><div class=\"portfolio-entry vcex-grid-item entry-has-details span_1_of_2 col col-1  vcex-isotope-entry post-7442 entry type-portfolio has-media cat-129 translation_priority-118\"><div class=\"portfolio-entry-inner entry-inner wpex-first-mt-0 wpex-last-mb-0 wpex-clr vc_custom_1662631329969\"><div class=\"portfolio-entry-details entry-details wpex-bordered wpex-first-mt-0 wpex-last-mb-0 wpex-clr\"><div class=\"match-height-content\"><h2 class=\"portfolio-entry-title entry-title wpex-mb-5\"><a href=\"https:\/\/formavigo.es\/pt-pt\/curso\/soldadura-de-iniciacao-gtaw-welding-tig\/\" title=\"Inicia\u00e7\u00e3o Soldadura GTAW (TIG)\">Inicia\u00e7\u00e3o Soldadura GTAW (TIG)<\/a><\/h2><div class=\"portfolio-entry-categories entry-categories wpex-text-sm wpex-leading-tight wpex-text-3 wpex-child-inherit-color wpex-mb-5\"><a class=\"term-129\" href=\"https:\/\/formavigo.es\/pt-pt\/categorias-cursos\/cursos-de-soldagem\/\">Cursos de Soldagem<\/a><\/div><div class=\"portfolio-entry-readmore-wrap entry-readmore-wrap wpex-my-15 wpex-clr\"><a href=\"https:\/\/formavigo.es\/pt-pt\/curso\/soldadura-de-iniciacao-gtaw-welding-tig\/\" class=\"theme-button\" style=\"font-size:25px;\" aria-label=\"Read more about Inicia\u00e7\u00e3o Soldadura GTAW (TIG)\">Read more <span class=\"vcex-readmore-rarr\">&rarr;<\/span><\/a><\/div><\/div><\/div><\/div><\/div><div class=\"portfolio-entry vcex-grid-item entry-has-details span_1_of_2 col col-2  vcex-isotope-entry post-7448 entry type-portfolio has-media cat-129 translation_priority-118\"><div class=\"portfolio-entry-inner entry-inner wpex-first-mt-0 wpex-last-mb-0 wpex-clr vc_custom_1662631329969\"><div class=\"portfolio-entry-details entry-details wpex-bordered wpex-first-mt-0 wpex-last-mb-0 wpex-clr\"><div class=\"match-height-content\"><h2 class=\"portfolio-entry-title entry-title wpex-mb-5\"><a href=\"https:\/\/formavigo.es\/pt-pt\/curso\/defectologia-da-soldadura\/\" title=\"Defectologia da Soldadura\">Defectologia da Soldadura<\/a><\/h2><div class=\"portfolio-entry-categories entry-categories wpex-text-sm wpex-leading-tight wpex-text-3 wpex-child-inherit-color wpex-mb-5\"><a class=\"term-129\" href=\"https:\/\/formavigo.es\/pt-pt\/categorias-cursos\/cursos-de-soldagem\/\">Cursos de Soldagem<\/a><\/div><div class=\"portfolio-entry-readmore-wrap entry-readmore-wrap wpex-my-15 wpex-clr\"><a href=\"https:\/\/formavigo.es\/pt-pt\/curso\/defectologia-da-soldadura\/\" class=\"theme-button\" style=\"font-size:25px;\" aria-label=\"Read more about Defectologia da Soldadura\">Read more <span class=\"vcex-readmore-rarr\">&rarr;<\/span><\/a><\/div><\/div><\/div><\/div><\/div><\/div><\/div>[vc_column_text font_size=&#8221;30px&#8221; color=&#8221;#000000&#8243;]De momento, n\u00e3o temos ofertas dispon\u00edveis. Volte a consultar em breve![\/vc_column_text][\/vc_column][\/vc_row][\/vc_section][vc_section full_width=&#8221;stretch_row&#8221; el_class=&#8221;filateinteresanbolsaempleo&#8221;][vc_row][vc_column width=&#8221;1\/2&#8243;][vc_column_text color=&#8221;#000000&#8243; font_size=&#8221;50px&#8221;]Interessado?[\/vc_column_text][vc_column_text color=&#8221;#000000&#8243; font_size=&#8221;20px&#8221; el_class=&#8221;textoteinteresan&#8221;]Solicite mais informa\u00e7\u00f5es sem compromisso enviando um e-mail para info@formavigo.com ou ligando para o 986 11 29 29.[\/vc_column_text]<a href=\"https:\/\/formavigo.es\/pt-pt\/contacto\/\" class=\"vcex-button theme-txt-link inline btn-fv1 mt-50\"><span class=\"theme-button-inner\">Comece o seu futuro<\/span><\/a> [\/vc_column][vc_column width=&#8221;1\/2&#8243;][\/vc_column][\/vc_row][\/vc_section]\n","protected":false},"excerpt":{"rendered":"<p>[vc_row full_width=&#8221;stretch_row&#8221; css=&#8221;.vc_custom_1664874008268{background-image: url(https:\/\/formavigo.es\/wp-content\/uploads\/2022\/10\/WZ9V0619-min.jpg?id=954) !important;background-position: center !important;background-repeat: no-repeat !important;background-size: cover !important;}&#8221; el_class=&#8221;cabecerabolsaempleo&#8221;][vc_column][vc_column_text color=&#8221;#ffffff&#8221; font_size=&#8221;60px&#8221;]Est\u00e1gio[\/vc_column_text][\/vc_column][\/vc_row][vc_section full_width=&#8221;stretch_row_content&#8221; el_class=&#8221;seccioninfobolsa&#8221;][vc_row equal_height=&#8221;yes&#8221;][vc_column width=&#8221;1\/2&#8243; css=&#8221;.vc_custom_1661853405119{background-color: #f2f3f8 !important;}&#8221;][vc_single_image image=&#8221;6757&#8243;][\/vc_column][vc_column width=&#8221;1\/2&#8243;][vc_column_text color=&#8221;#000000&#8243; font_size=&#8221;20px&#8221;]Quando os estagi\u00e1rios completarem a sua forma\u00e7\u00e3o connosco, aconselhamo-los, ajudamo-los e mobilizamos os seus CVs. Muitas empresas contactam-nos pedindo soldadores. Elevada empregabilidade. Detect\u00e1mos um aumento nas ofertas de emprego com a&hellip;<\/p>\n","protected":false},"author":1,"featured_media":0,"parent":0,"menu_order":0,"comment_status":"closed","ping_status":"closed","template":"","meta":{"_acf_changed":false,"inline_featured_image":false,"footnotes":""},"class_list":["post-7247","page","type-page","status-publish","hentry","entry","has-media"],"acf":[],"yoast_head":"<!-- This site is optimized with the Yoast SEO plugin v27.3 - https:\/\/yoast.com\/product\/yoast-seo-wordpress\/ -->\n<title>Bolsa de Emprego - Formavigo<\/title>\n<meta name=\"robots\" content=\"index, follow, max-snippet:-1, max-image-preview:large, max-video-preview:-1\" \/>\n<link rel=\"canonical\" href=\"https:\/\/formavigo.es\/pt-pt\/bolsa-de-emprego\/\" \/>\n<meta property=\"og:locale\" content=\"pt_PT\" \/>\n<meta property=\"og:type\" content=\"article\" \/>\n<meta property=\"og:title\" content=\"Bolsa de Emprego - Formavigo\" \/>\n<meta property=\"og:description\" content=\"[vc_row full_width=&#8221;stretch_row&#8221; css=&#8221;.vc_custom_1664874008268{background-image: url(https:\/\/formavigo.es\/wp-content\/uploads\/2022\/10\/WZ9V0619-min.jpg?id=954) !important;background-position: center !important;background-repeat: no-repeat !important;background-size: cover !important;}&#8221; el_class=&#8221;cabecerabolsaempleo&#8221;][vc_column][vc_column_text color=&#8221;#ffffff&#8221; font_size=&#8221;60px&#8221;]Est\u00e1gio[\/vc_column_text][\/vc_column][\/vc_row][vc_section full_width=&#8221;stretch_row_content&#8221; el_class=&#8221;seccioninfobolsa&#8221;][vc_row equal_height=&#8221;yes&#8221;][vc_column width=&#8221;1\/2&#8243; css=&#8221;.vc_custom_1661853405119{background-color: #f2f3f8 !important;}&#8221;][vc_single_image image=&#8221;6757&#8243;][\/vc_column][vc_column width=&#8221;1\/2&#8243;][vc_column_text color=&#8221;#000000&#8243; font_size=&#8221;20px&#8221;]Quando os estagi\u00e1rios completarem a sua forma\u00e7\u00e3o connosco, aconselhamo-los, ajudamo-los e mobilizamos os seus CVs. Muitas empresas contactam-nos pedindo soldadores. Elevada empregabilidade. Detect\u00e1mos um aumento nas ofertas de emprego com a&hellip;\" \/>\n<meta property=\"og:url\" content=\"https:\/\/formavigo.es\/pt-pt\/bolsa-de-emprego\/\" \/>\n<meta property=\"og:site_name\" content=\"Formavigo\" \/>\n<meta property=\"article:modified_time\" content=\"2023-05-10T07:34:40+00:00\" \/>\n<meta name=\"twitter:card\" content=\"summary_large_image\" \/>\n<meta name=\"twitter:label1\" content=\"Tempo estimado de leitura\" \/>\n\t<meta name=\"twitter:data1\" content=\"1 minuto\" \/>\n<script type=\"application\/ld+json\" class=\"yoast-schema-graph\">{\"@context\":\"https:\\\/\\\/schema.org\",\"@graph\":[{\"@type\":\"WebPage\",\"@id\":\"https:\\\/\\\/formavigo.es\\\/pt-pt\\\/bolsa-de-emprego\\\/\",\"url\":\"https:\\\/\\\/formavigo.es\\\/pt-pt\\\/bolsa-de-emprego\\\/\",\"name\":\"Bolsa de Emprego - Formavigo\",\"isPartOf\":{\"@id\":\"https:\\\/\\\/formavigo.es\\\/pt-pt\\\/#website\"},\"datePublished\":\"2022-08-29T05:03:38+00:00\",\"dateModified\":\"2023-05-10T07:34:40+00:00\",\"breadcrumb\":{\"@id\":\"https:\\\/\\\/formavigo.es\\\/pt-pt\\\/bolsa-de-emprego\\\/#breadcrumb\"},\"inLanguage\":\"pt-PT\",\"potentialAction\":[{\"@type\":\"ReadAction\",\"target\":[\"https:\\\/\\\/formavigo.es\\\/pt-pt\\\/bolsa-de-emprego\\\/\"]}]},{\"@type\":\"BreadcrumbList\",\"@id\":\"https:\\\/\\\/formavigo.es\\\/pt-pt\\\/bolsa-de-emprego\\\/#breadcrumb\",\"itemListElement\":[{\"@type\":\"ListItem\",\"position\":1,\"name\":\"In\u00edcio\",\"item\":\"https:\\\/\\\/formavigo.es\\\/pt-pt\\\/\"},{\"@type\":\"ListItem\",\"position\":2,\"name\":\"Bolsa de Emprego\"}]},{\"@type\":\"WebSite\",\"@id\":\"https:\\\/\\\/formavigo.es\\\/pt-pt\\\/#website\",\"url\":\"https:\\\/\\\/formavigo.es\\\/pt-pt\\\/\",\"name\":\"Formavigo\",\"description\":\"\",\"publisher\":{\"@id\":\"https:\\\/\\\/formavigo.es\\\/pt-pt\\\/#organization\"},\"potentialAction\":[{\"@type\":\"SearchAction\",\"target\":{\"@type\":\"EntryPoint\",\"urlTemplate\":\"https:\\\/\\\/formavigo.es\\\/pt-pt\\\/?s={search_term_string}\"},\"query-input\":{\"@type\":\"PropertyValueSpecification\",\"valueRequired\":true,\"valueName\":\"search_term_string\"}}],\"inLanguage\":\"pt-PT\"},{\"@type\":\"Organization\",\"@id\":\"https:\\\/\\\/formavigo.es\\\/pt-pt\\\/#organization\",\"name\":\"Formavigo\",\"url\":\"https:\\\/\\\/formavigo.es\\\/pt-pt\\\/\",\"logo\":{\"@type\":\"ImageObject\",\"inLanguage\":\"pt-PT\",\"@id\":\"https:\\\/\\\/formavigo.es\\\/pt-pt\\\/#\\\/schema\\\/logo\\\/image\\\/\",\"url\":\"https:\\\/\\\/formavigo.es\\\/wp-content\\\/uploads\\\/2022\\\/09\\\/logo-formavigo.svg\",\"contentUrl\":\"https:\\\/\\\/formavigo.es\\\/wp-content\\\/uploads\\\/2022\\\/09\\\/logo-formavigo.svg\",\"width\":260,\"height\":57,\"caption\":\"Formavigo\"},\"image\":{\"@id\":\"https:\\\/\\\/formavigo.es\\\/pt-pt\\\/#\\\/schema\\\/logo\\\/image\\\/\"}}]}<\/script>\n<!-- \/ Yoast SEO plugin. -->","yoast_head_json":{"title":"Bolsa de Emprego - Formavigo","robots":{"index":"index","follow":"follow","max-snippet":"max-snippet:-1","max-image-preview":"max-image-preview:large","max-video-preview":"max-video-preview:-1"},"canonical":"https:\/\/formavigo.es\/pt-pt\/bolsa-de-emprego\/","og_locale":"pt_PT","og_type":"article","og_title":"Bolsa de Emprego - Formavigo","og_description":"[vc_row full_width=&#8221;stretch_row&#8221; css=&#8221;.vc_custom_1664874008268{background-image: url(https:\/\/formavigo.es\/wp-content\/uploads\/2022\/10\/WZ9V0619-min.jpg?id=954) !important;background-position: center !important;background-repeat: no-repeat !important;background-size: cover !important;}&#8221; el_class=&#8221;cabecerabolsaempleo&#8221;][vc_column][vc_column_text color=&#8221;#ffffff&#8221; font_size=&#8221;60px&#8221;]Est\u00e1gio[\/vc_column_text][\/vc_column][\/vc_row][vc_section full_width=&#8221;stretch_row_content&#8221; el_class=&#8221;seccioninfobolsa&#8221;][vc_row equal_height=&#8221;yes&#8221;][vc_column width=&#8221;1\/2&#8243; css=&#8221;.vc_custom_1661853405119{background-color: #f2f3f8 !important;}&#8221;][vc_single_image image=&#8221;6757&#8243;][\/vc_column][vc_column width=&#8221;1\/2&#8243;][vc_column_text color=&#8221;#000000&#8243; font_size=&#8221;20px&#8221;]Quando os estagi\u00e1rios completarem a sua forma\u00e7\u00e3o connosco, aconselhamo-los, ajudamo-los e mobilizamos os seus CVs. Muitas empresas contactam-nos pedindo soldadores. Elevada empregabilidade. Detect\u00e1mos um aumento nas ofertas de emprego com a&hellip;","og_url":"https:\/\/formavigo.es\/pt-pt\/bolsa-de-emprego\/","og_site_name":"Formavigo","article_modified_time":"2023-05-10T07:34:40+00:00","twitter_card":"summary_large_image","twitter_misc":{"Tempo estimado de leitura":"1 minuto"},"schema":{"@context":"https:\/\/schema.org","@graph":[{"@type":"WebPage","@id":"https:\/\/formavigo.es\/pt-pt\/bolsa-de-emprego\/","url":"https:\/\/formavigo.es\/pt-pt\/bolsa-de-emprego\/","name":"Bolsa de Emprego - Formavigo","isPartOf":{"@id":"https:\/\/formavigo.es\/pt-pt\/#website"},"datePublished":"2022-08-29T05:03:38+00:00","dateModified":"2023-05-10T07:34:40+00:00","breadcrumb":{"@id":"https:\/\/formavigo.es\/pt-pt\/bolsa-de-emprego\/#breadcrumb"},"inLanguage":"pt-PT","potentialAction":[{"@type":"ReadAction","target":["https:\/\/formavigo.es\/pt-pt\/bolsa-de-emprego\/"]}]},{"@type":"BreadcrumbList","@id":"https:\/\/formavigo.es\/pt-pt\/bolsa-de-emprego\/#breadcrumb","itemListElement":[{"@type":"ListItem","position":1,"name":"In\u00edcio","item":"https:\/\/formavigo.es\/pt-pt\/"},{"@type":"ListItem","position":2,"name":"Bolsa de Emprego"}]},{"@type":"WebSite","@id":"https:\/\/formavigo.es\/pt-pt\/#website","url":"https:\/\/formavigo.es\/pt-pt\/","name":"Formavigo","description":"","publisher":{"@id":"https:\/\/formavigo.es\/pt-pt\/#organization"},"potentialAction":[{"@type":"SearchAction","target":{"@type":"EntryPoint","urlTemplate":"https:\/\/formavigo.es\/pt-pt\/?s={search_term_string}"},"query-input":{"@type":"PropertyValueSpecification","valueRequired":true,"valueName":"search_term_string"}}],"inLanguage":"pt-PT"},{"@type":"Organization","@id":"https:\/\/formavigo.es\/pt-pt\/#organization","name":"Formavigo","url":"https:\/\/formavigo.es\/pt-pt\/","logo":{"@type":"ImageObject","inLanguage":"pt-PT","@id":"https:\/\/formavigo.es\/pt-pt\/#\/schema\/logo\/image\/","url":"https:\/\/formavigo.es\/wp-content\/uploads\/2022\/09\/logo-formavigo.svg","contentUrl":"https:\/\/formavigo.es\/wp-content\/uploads\/2022\/09\/logo-formavigo.svg","width":260,"height":57,"caption":"Formavigo"},"image":{"@id":"https:\/\/formavigo.es\/pt-pt\/#\/schema\/logo\/image\/"}}]}},"_links":{"self":[{"href":"https:\/\/formavigo.es\/pt-pt\/wp-json\/wp\/v2\/pages\/7247","targetHints":{"allow":["GET"]}}],"collection":[{"href":"https:\/\/formavigo.es\/pt-pt\/wp-json\/wp\/v2\/pages"}],"about":[{"href":"https:\/\/formavigo.es\/pt-pt\/wp-json\/wp\/v2\/types\/page"}],"author":[{"embeddable":true,"href":"https:\/\/formavigo.es\/pt-pt\/wp-json\/wp\/v2\/users\/1"}],"replies":[{"embeddable":true,"href":"https:\/\/formavigo.es\/pt-pt\/wp-json\/wp\/v2\/comments?post=7247"}],"version-history":[{"count":6,"href":"https:\/\/formavigo.es\/pt-pt\/wp-json\/wp\/v2\/pages\/7247\/revisions"}],"predecessor-version":[{"id":8501,"href":"https:\/\/formavigo.es\/pt-pt\/wp-json\/wp\/v2\/pages\/7247\/revisions\/8501"}],"wp:attachment":[{"href":"https:\/\/formavigo.es\/pt-pt\/wp-json\/wp\/v2\/media?parent=7247"}],"curies":[{"name":"wp","href":"https:\/\/api.w.org\/{rel}","templated":true}]}}