{"id":7233,"date":"2022-08-29T10:23:21","date_gmt":"2022-08-29T10:23:21","guid":{"rendered":"https:\/\/formavigo.es\/formavigo-foundation\/"},"modified":"2023-09-22T08:30:17","modified_gmt":"2023-09-22T08:30:17","slug":"formavigo-foundation","status":"publish","type":"page","link":"https:\/\/formavigo.es\/en\/formavigo-foundation\/","title":{"rendered":"Formavigo Foundation"},"content":{"rendered":"[vc_section full_width=&#8221;stretch_row&#8221; el_class=&#8221;seccioncabeceraformavigo&#8221; css=&#8221;.vc_custom_1688553656010{background-image: url(https:\/\/formavigo.es\/wp-content\/uploads\/2023\/07\/tit-fundacion-scaled.webp?id=8669) !important;background-position: center !important;background-repeat: no-repeat !important;background-size: cover !important;}&#8221;][vc_row][vc_column width=&#8221;1\/2&#8243;]<nav class=\"vcex-breadcrumbs vcex-breadcrumbs--links-inherit-color vcex-breadcrumbs--custom-color\" style=\"color:#ffffff;font-size:16px;\"><span><span><a href=\"https:\/\/formavigo.es\/en\/\">Home<\/a><\/span><\/span><\/nav><div class=\"vcex-module vcex-page-title\"><h1 class=\"wpex-heading vcex-page-title__heading wpex-text-3xl\" style=\"color:#ffffff;font-size:60px;\"><span class=\"vcex-page-title__text\">Formavigo Foundation<\/span><\/h1><\/div>[\/vc_column][vc_column width=&#8221;1\/2&#8243;][\/vc_column][\/vc_row][\/vc_section][vc_section content_placement=&#8221;middle&#8221; el_class=&#8221;seccion2formavigo&#8221;][vc_row content_placement=&#8221;middle&#8221; equal_height=&#8221;yes&#8221;][vc_column width=&#8221;7\/12&#8243; el_class=&#8221;columnatextofundacion&#8221;]<h2 class=\"vcex-heading vcex-module wpex-text-2xl wpex-font-normal wpex-m-auto wpex-max-w-100 vcex-heading-plain wpex-block tip-50-60 mb-20 linea-izq\"><span class=\"vcex-heading-inner wpex-inline-block wpex-clr\">Supporting needs<\/span><\/h2>[vc_column_text color=&#8221;#000000&#8243; font_size=&#8221;20px&#8221;]La Fundaci\u00f3n Formavigo es una entidad sin \u00e1nimo de lucro, que nace como una herramienta para desarrollar iniciativas en cooperaci\u00f3n con la Administraci\u00f3n P\u00fablica y la Empresa Privada, para dar apoyo a las necesidades de los demandantes de empleo con especial dificultad en la inserci\u00f3n laboral.<\/p>\n<p>Su actividad principal es la formaci\u00f3n, con el objetivo de alcanzar la inserci\u00f3n laboral y la recolocaci\u00f3n de personas en situaci\u00f3n de desempleo, especialmente, j\u00f3venes sin cualificaci\u00f3n, desempleados de larga duraci\u00f3n, inmigrantes, mujeres\u2026<\/p>\n<p>Sus programas se dirigen a un colectivo plural de desempleados con los que se desarrollan acciones de formaci\u00f3n espec\u00edficas en distintos oficios, motivaci\u00f3n, asesoramiento, formaci\u00f3n transversal, formaci\u00f3n para la inserci\u00f3n e igualdad, prospecci\u00f3n del mercado laboral, traslado de ofertas, seguimiento en el empleo y acompa\u00f1amiento en el proceso de selecci\u00f3n.<\/p>\n<p>La Fundaci\u00f3n Formavigo teje redes y realiza proyectos sociales que puedan contribuir a una sociedad m\u00e1s fuerte, cohesionada y solidaria con especial inter\u00e9s en la calidad de vida de nuestros mayores y nuestra juventud.[\/vc_column_text]<a href=\"https:\/\/fundacionformavigo.com\/es\/\" class=\"vcex-button theme-button medium inline btn-fv1 mt-50\" target=\"_blank\" rel=\"noopener noreferrer\"><span class=\"theme-button-inner\">Read more<\/span><\/a> [\/vc_column][vc_column width=&#8221;5\/12&#8243; css=&#8221;.vc_custom_1688554693183{background-image: url(https:\/\/formavigo.es\/wp-content\/uploads\/2023\/07\/foto-a456.jpg?id=8674) !important;background-position: center !important;background-repeat: no-repeat !important;background-size: contain !important;}&#8221;][vc_single_image image=&#8221;8675&#8243; alignment=&#8221;center&#8221; visibility=&#8221;visible-phone&#8221;][\/vc_column][\/vc_row][\/vc_section]\n","protected":false},"excerpt":{"rendered":"<p>[vc_section full_width=&#8221;stretch_row&#8221; el_class=&#8221;seccioncabeceraformavigo&#8221; css=&#8221;.vc_custom_1688553656010{background-image: url(https:\/\/formavigo.es\/wp-content\/uploads\/2023\/07\/tit-fundacion-scaled.webp?id=8669) !important;background-position: center !important;background-repeat: no-repeat !important;background-size: cover !important;}&#8221;][vc_row][vc_column width=&#8221;1\/2&#8243;][\/vc_column][vc_column width=&#8221;1\/2&#8243;][\/vc_column][\/vc_row][\/vc_section][vc_section content_placement=&#8221;middle&#8221; el_class=&#8221;seccion2formavigo&#8221;][vc_row content_placement=&#8221;middle&#8221; equal_height=&#8221;yes&#8221;][vc_column width=&#8221;7\/12&#8243; el_class=&#8221;columnatextofundacion&#8221;][vc_column_text color=&#8221;#000000&#8243; font_size=&#8221;20px&#8221;]La Fundaci\u00f3n Formavigo es una entidad sin \u00e1nimo de lucro, que nace como una herramienta para desarrollar iniciativas en cooperaci\u00f3n con la Administraci\u00f3n P\u00fablica y la Empresa Privada, para dar apoyo a las necesidades&hellip;<\/p>\n","protected":false},"author":1,"featured_media":8670,"parent":0,"menu_order":0,"comment_status":"closed","ping_status":"closed","template":"","meta":{"_acf_changed":false,"inline_featured_image":false,"footnotes":""},"class_list":["post-7233","page","type-page","status-publish","has-post-thumbnail","hentry","entry","has-media"],"acf":[],"yoast_head":"<!-- This site is optimized with the Yoast SEO plugin v27.3 - https:\/\/yoast.com\/product\/yoast-seo-wordpress\/ -->\n<title>Formavigo Foundation - Formavigo<\/title>\n<meta name=\"robots\" content=\"index, follow, max-snippet:-1, max-image-preview:large, max-video-preview:-1\" \/>\n<link rel=\"canonical\" href=\"https:\/\/formavigo.es\/en\/formavigo-foundation\/\" \/>\n<meta property=\"og:locale\" content=\"en_US\" \/>\n<meta property=\"og:type\" content=\"article\" \/>\n<meta property=\"og:title\" content=\"Formavigo Foundation - Formavigo\" \/>\n<meta property=\"og:description\" content=\"[vc_section full_width=&#8221;stretch_row&#8221; el_class=&#8221;seccioncabeceraformavigo&#8221; css=&#8221;.vc_custom_1688553656010{background-image: url(https:\/\/formavigo.es\/wp-content\/uploads\/2023\/07\/tit-fundacion-scaled.webp?id=8669) !important;background-position: center !important;background-repeat: no-repeat !important;background-size: cover !important;}&#8221;][vc_row][vc_column width=&#8221;1\/2&#8243;][\/vc_column][vc_column width=&#8221;1\/2&#8243;][\/vc_column][\/vc_row][\/vc_section][vc_section content_placement=&#8221;middle&#8221; el_class=&#8221;seccion2formavigo&#8221;][vc_row content_placement=&#8221;middle&#8221; equal_height=&#8221;yes&#8221;][vc_column width=&#8221;7\/12&#8243; el_class=&#8221;columnatextofundacion&#8221;][vc_column_text color=&#8221;#000000&#8243; font_size=&#8221;20px&#8221;]La Fundaci\u00f3n Formavigo es una entidad sin \u00e1nimo de lucro, que nace como una herramienta para desarrollar iniciativas en cooperaci\u00f3n con la Administraci\u00f3n P\u00fablica y la Empresa Privada, para dar apoyo a las necesidades&hellip;\" \/>\n<meta property=\"og:url\" content=\"https:\/\/formavigo.es\/en\/formavigo-foundation\/\" \/>\n<meta property=\"og:site_name\" content=\"Formavigo\" \/>\n<meta property=\"article:modified_time\" content=\"2023-09-22T08:30:17+00:00\" \/>\n<meta property=\"og:image\" content=\"https:\/\/formavigo.es\/wp-content\/uploads\/2023\/07\/tit-fundacion-scaled.webp\" \/>\n\t<meta property=\"og:image:width\" content=\"2560\" \/>\n\t<meta property=\"og:image:height\" content=\"730\" \/>\n\t<meta property=\"og:image:type\" content=\"image\/webp\" \/>\n<meta name=\"twitter:card\" content=\"summary_large_image\" \/>\n<meta name=\"twitter:label1\" content=\"Est. reading time\" \/>\n\t<meta name=\"twitter:data1\" content=\"1 minute\" \/>\n<script type=\"application\/ld+json\" class=\"yoast-schema-graph\">{\"@context\":\"https:\\\/\\\/schema.org\",\"@graph\":[{\"@type\":\"WebPage\",\"@id\":\"https:\\\/\\\/formavigo.es\\\/en\\\/formavigo-foundation\\\/\",\"url\":\"https:\\\/\\\/formavigo.es\\\/en\\\/formavigo-foundation\\\/\",\"name\":\"Formavigo Foundation - Formavigo\",\"isPartOf\":{\"@id\":\"https:\\\/\\\/formavigo.es\\\/en\\\/#website\"},\"primaryImageOfPage\":{\"@id\":\"https:\\\/\\\/formavigo.es\\\/en\\\/formavigo-foundation\\\/#primaryimage\"},\"image\":{\"@id\":\"https:\\\/\\\/formavigo.es\\\/en\\\/formavigo-foundation\\\/#primaryimage\"},\"thumbnailUrl\":\"https:\\\/\\\/formavigo.es\\\/wp-content\\\/uploads\\\/2023\\\/07\\\/tit-fundacion-scaled.webp\",\"datePublished\":\"2022-08-29T10:23:21+00:00\",\"dateModified\":\"2023-09-22T08:30:17+00:00\",\"breadcrumb\":{\"@id\":\"https:\\\/\\\/formavigo.es\\\/en\\\/formavigo-foundation\\\/#breadcrumb\"},\"inLanguage\":\"en-US\",\"potentialAction\":[{\"@type\":\"ReadAction\",\"target\":[\"https:\\\/\\\/formavigo.es\\\/en\\\/formavigo-foundation\\\/\"]}]},{\"@type\":\"ImageObject\",\"inLanguage\":\"en-US\",\"@id\":\"https:\\\/\\\/formavigo.es\\\/en\\\/formavigo-foundation\\\/#primaryimage\",\"url\":\"https:\\\/\\\/formavigo.es\\\/wp-content\\\/uploads\\\/2023\\\/07\\\/tit-fundacion-scaled.webp\",\"contentUrl\":\"https:\\\/\\\/formavigo.es\\\/wp-content\\\/uploads\\\/2023\\\/07\\\/tit-fundacion-scaled.webp\",\"width\":2560,\"height\":730},{\"@type\":\"BreadcrumbList\",\"@id\":\"https:\\\/\\\/formavigo.es\\\/en\\\/formavigo-foundation\\\/#breadcrumb\",\"itemListElement\":[{\"@type\":\"ListItem\",\"position\":1,\"name\":\"Home\",\"item\":\"https:\\\/\\\/formavigo.es\\\/en\\\/\"},{\"@type\":\"ListItem\",\"position\":2,\"name\":\"Formavigo Foundation\"}]},{\"@type\":\"WebSite\",\"@id\":\"https:\\\/\\\/formavigo.es\\\/en\\\/#website\",\"url\":\"https:\\\/\\\/formavigo.es\\\/en\\\/\",\"name\":\"Formavigo\",\"description\":\"\",\"publisher\":{\"@id\":\"https:\\\/\\\/formavigo.es\\\/en\\\/#organization\"},\"potentialAction\":[{\"@type\":\"SearchAction\",\"target\":{\"@type\":\"EntryPoint\",\"urlTemplate\":\"https:\\\/\\\/formavigo.es\\\/en\\\/?s={search_term_string}\"},\"query-input\":{\"@type\":\"PropertyValueSpecification\",\"valueRequired\":true,\"valueName\":\"search_term_string\"}}],\"inLanguage\":\"en-US\"},{\"@type\":\"Organization\",\"@id\":\"https:\\\/\\\/formavigo.es\\\/en\\\/#organization\",\"name\":\"Formavigo\",\"url\":\"https:\\\/\\\/formavigo.es\\\/en\\\/\",\"logo\":{\"@type\":\"ImageObject\",\"inLanguage\":\"en-US\",\"@id\":\"https:\\\/\\\/formavigo.es\\\/en\\\/#\\\/schema\\\/logo\\\/image\\\/\",\"url\":\"https:\\\/\\\/formavigo.es\\\/wp-content\\\/uploads\\\/2022\\\/09\\\/logo-formavigo.svg\",\"contentUrl\":\"https:\\\/\\\/formavigo.es\\\/wp-content\\\/uploads\\\/2022\\\/09\\\/logo-formavigo.svg\",\"width\":260,\"height\":57,\"caption\":\"Formavigo\"},\"image\":{\"@id\":\"https:\\\/\\\/formavigo.es\\\/en\\\/#\\\/schema\\\/logo\\\/image\\\/\"}}]}<\/script>\n<!-- \/ Yoast SEO plugin. -->","yoast_head_json":{"title":"Formavigo Foundation - Formavigo","robots":{"index":"index","follow":"follow","max-snippet":"max-snippet:-1","max-image-preview":"max-image-preview:large","max-video-preview":"max-video-preview:-1"},"canonical":"https:\/\/formavigo.es\/en\/formavigo-foundation\/","og_locale":"en_US","og_type":"article","og_title":"Formavigo Foundation - Formavigo","og_description":"[vc_section full_width=&#8221;stretch_row&#8221; el_class=&#8221;seccioncabeceraformavigo&#8221; css=&#8221;.vc_custom_1688553656010{background-image: url(https:\/\/formavigo.es\/wp-content\/uploads\/2023\/07\/tit-fundacion-scaled.webp?id=8669) !important;background-position: center !important;background-repeat: no-repeat !important;background-size: cover !important;}&#8221;][vc_row][vc_column width=&#8221;1\/2&#8243;][\/vc_column][vc_column width=&#8221;1\/2&#8243;][\/vc_column][\/vc_row][\/vc_section][vc_section content_placement=&#8221;middle&#8221; el_class=&#8221;seccion2formavigo&#8221;][vc_row content_placement=&#8221;middle&#8221; equal_height=&#8221;yes&#8221;][vc_column width=&#8221;7\/12&#8243; el_class=&#8221;columnatextofundacion&#8221;][vc_column_text color=&#8221;#000000&#8243; font_size=&#8221;20px&#8221;]La Fundaci\u00f3n Formavigo es una entidad sin \u00e1nimo de lucro, que nace como una herramienta para desarrollar iniciativas en cooperaci\u00f3n con la Administraci\u00f3n P\u00fablica y la Empresa Privada, para dar apoyo a las necesidades&hellip;","og_url":"https:\/\/formavigo.es\/en\/formavigo-foundation\/","og_site_name":"Formavigo","article_modified_time":"2023-09-22T08:30:17+00:00","og_image":[{"width":2560,"height":730,"url":"https:\/\/formavigo.es\/wp-content\/uploads\/2023\/07\/tit-fundacion-scaled.webp","type":"image\/webp"}],"twitter_card":"summary_large_image","twitter_misc":{"Est. reading time":"1 minute"},"schema":{"@context":"https:\/\/schema.org","@graph":[{"@type":"WebPage","@id":"https:\/\/formavigo.es\/en\/formavigo-foundation\/","url":"https:\/\/formavigo.es\/en\/formavigo-foundation\/","name":"Formavigo Foundation - Formavigo","isPartOf":{"@id":"https:\/\/formavigo.es\/en\/#website"},"primaryImageOfPage":{"@id":"https:\/\/formavigo.es\/en\/formavigo-foundation\/#primaryimage"},"image":{"@id":"https:\/\/formavigo.es\/en\/formavigo-foundation\/#primaryimage"},"thumbnailUrl":"https:\/\/formavigo.es\/wp-content\/uploads\/2023\/07\/tit-fundacion-scaled.webp","datePublished":"2022-08-29T10:23:21+00:00","dateModified":"2023-09-22T08:30:17+00:00","breadcrumb":{"@id":"https:\/\/formavigo.es\/en\/formavigo-foundation\/#breadcrumb"},"inLanguage":"en-US","potentialAction":[{"@type":"ReadAction","target":["https:\/\/formavigo.es\/en\/formavigo-foundation\/"]}]},{"@type":"ImageObject","inLanguage":"en-US","@id":"https:\/\/formavigo.es\/en\/formavigo-foundation\/#primaryimage","url":"https:\/\/formavigo.es\/wp-content\/uploads\/2023\/07\/tit-fundacion-scaled.webp","contentUrl":"https:\/\/formavigo.es\/wp-content\/uploads\/2023\/07\/tit-fundacion-scaled.webp","width":2560,"height":730},{"@type":"BreadcrumbList","@id":"https:\/\/formavigo.es\/en\/formavigo-foundation\/#breadcrumb","itemListElement":[{"@type":"ListItem","position":1,"name":"Home","item":"https:\/\/formavigo.es\/en\/"},{"@type":"ListItem","position":2,"name":"Formavigo Foundation"}]},{"@type":"WebSite","@id":"https:\/\/formavigo.es\/en\/#website","url":"https:\/\/formavigo.es\/en\/","name":"Formavigo","description":"","publisher":{"@id":"https:\/\/formavigo.es\/en\/#organization"},"potentialAction":[{"@type":"SearchAction","target":{"@type":"EntryPoint","urlTemplate":"https:\/\/formavigo.es\/en\/?s={search_term_string}"},"query-input":{"@type":"PropertyValueSpecification","valueRequired":true,"valueName":"search_term_string"}}],"inLanguage":"en-US"},{"@type":"Organization","@id":"https:\/\/formavigo.es\/en\/#organization","name":"Formavigo","url":"https:\/\/formavigo.es\/en\/","logo":{"@type":"ImageObject","inLanguage":"en-US","@id":"https:\/\/formavigo.es\/en\/#\/schema\/logo\/image\/","url":"https:\/\/formavigo.es\/wp-content\/uploads\/2022\/09\/logo-formavigo.svg","contentUrl":"https:\/\/formavigo.es\/wp-content\/uploads\/2022\/09\/logo-formavigo.svg","width":260,"height":57,"caption":"Formavigo"},"image":{"@id":"https:\/\/formavigo.es\/en\/#\/schema\/logo\/image\/"}}]}},"_links":{"self":[{"href":"https:\/\/formavigo.es\/en\/wp-json\/wp\/v2\/pages\/7233","targetHints":{"allow":["GET"]}}],"collection":[{"href":"https:\/\/formavigo.es\/en\/wp-json\/wp\/v2\/pages"}],"about":[{"href":"https:\/\/formavigo.es\/en\/wp-json\/wp\/v2\/types\/page"}],"author":[{"embeddable":true,"href":"https:\/\/formavigo.es\/en\/wp-json\/wp\/v2\/users\/1"}],"replies":[{"embeddable":true,"href":"https:\/\/formavigo.es\/en\/wp-json\/wp\/v2\/comments?post=7233"}],"version-history":[{"count":14,"href":"https:\/\/formavigo.es\/en\/wp-json\/wp\/v2\/pages\/7233\/revisions"}],"predecessor-version":[{"id":8995,"href":"https:\/\/formavigo.es\/en\/wp-json\/wp\/v2\/pages\/7233\/revisions\/8995"}],"wp:featuredmedia":[{"embeddable":true,"href":"https:\/\/formavigo.es\/en\/wp-json\/wp\/v2\/media\/8670"}],"wp:attachment":[{"href":"https:\/\/formavigo.es\/en\/wp-json\/wp\/v2\/media?parent=7233"}],"curies":[{"name":"wp","href":"https:\/\/api.w.org\/{rel}","templated":true}]}}